{"id":411,"date":"2026-03-23T14:38:42","date_gmt":"2026-03-23T14:38:42","guid":{"rendered":"https:\/\/jewelshouse.fr\/?page_id=411"},"modified":"2026-03-23T14:38:42","modified_gmt":"2026-03-23T14:38:42","slug":"notre-histoire","status":"publish","type":"page","link":"https:\/\/jewelshouse.fr\/?page_id=411","title":{"rendered":"Notre Histoire"},"content":{"rendered":"<p>[et_pb_section fb_built=\u00a0\u00bb1&Prime; theme_builder_area=\u00a0\u00bbpost_content\u00a0\u00bb _builder_version=\u00a0\u00bb4.27.5&Prime; _module_preset=\u00a0\u00bbdefault\u00a0\u00bb][et_pb_row _builder_version=\u00a0\u00bb4.27.5&Prime; _module_preset=\u00a0\u00bbdefault\u00a0\u00bb theme_builder_area=\u00a0\u00bbpost_content\u00a0\u00bb hover_enabled=\u00a0\u00bb0&Prime; sticky_enabled=\u00a0\u00bb0&Prime;][et_pb_column _builder_version=\u00a0\u00bb4.27.5&Prime; _module_preset=\u00a0\u00bbdefault\u00a0\u00bb type=\u00a0\u00bb4_4&Prime; theme_builder_area=\u00a0\u00bbpost_content\u00a0\u00bb][et_pb_text _builder_version=\u00a0\u00bb4.27.5&Prime; _module_preset=\u00a0\u00bbdefault\u00a0\u00bb theme_builder_area=\u00a0\u00bbpost_content\u00a0\u00bb text_font=\u00a0\u00bb|800|||||||\u00a0\u00bb hover_enabled=\u00a0\u00bb0&Prime; sticky_enabled=\u00a0\u00bb0&Prime; text_text_shadow_style=\u00a0\u00bbpreset5&Prime;]<\/p>\n<h1><strong>Qui sommes-nous ?<\/strong><\/h1>\n<p>[\/et_pb_text][\/et_pb_column][\/et_pb_row][et_pb_row _builder_version=\u00a0\u00bb4.27.5&Prime; _module_preset=\u00a0\u00bbdefault\u00a0\u00bb theme_builder_area=\u00a0\u00bbpost_content\u00a0\u00bb column_structure=\u00a0\u00bb1_3,2_3&Prime;][et_pb_column _builder_version=\u00a0\u00bb4.27.5&Prime; _module_preset=\u00a0\u00bbdefault\u00a0\u00bb type=\u00a0\u00bb1_3&Prime; theme_builder_area=\u00a0\u00bbpost_content\u00a0\u00bb][et_pb_image src=\u00a0\u00bbhttps:\/\/jewelshouse.fr\/wp-content\/uploads\/2026\/03\/Capture-decran-.-2026-03-23-a-15.37.04.jpeg\u00a0\u00bb _builder_version=\u00a0\u00bb4.27.5&Prime; _module_preset=\u00a0\u00bbdefault\u00a0\u00bb theme_builder_area=\u00a0\u00bbpost_content\u00a0\u00bb hover_enabled=\u00a0\u00bb0&Prime; sticky_enabled=\u00a0\u00bb0&Prime; alt=\u00a0\u00bbBijoux-Acier-Inoxydable-JewelsHouse\u00a0\u00bb title_text=\u00a0\u00bbBijoux-Acier-Inoxydable-JewelsHouse\u00a0\u00bb][\/et_pb_image][\/et_pb_column][et_pb_column _builder_version=\u00a0\u00bb4.27.5&Prime; _module_preset=\u00a0\u00bbdefault\u00a0\u00bb type=\u00a0\u00bb2_3&Prime; theme_builder_area=\u00a0\u00bbpost_content\u00a0\u00bb][et_pb_text _builder_version=\u00a0\u00bb4.27.5&Prime; _module_preset=\u00a0\u00bbdefault\u00a0\u00bb theme_builder_area=\u00a0\u00bbpost_content\u00a0\u00bb hover_enabled=\u00a0\u00bb0&Prime; sticky_enabled=\u00a0\u00bb0&Prime;]<\/p>\n<p class=\"isSelectedEnd\"><span>Je m\u2019appelle <\/span><strong><span>Julie<\/span><\/strong><span>, j\u2019ai 23 ans, et il y a quelques ann\u00e9es j\u2019\u00e9tais simplement une passionn\u00e9e de bijoux avec un r\u00eave : <\/span><strong><span>partager des cr\u00e9ations uniques et \u00e9l\u00e9gantes avec le monde entier.<\/span><\/strong><\/p>\n<p class=\"isSelectedEnd\"><span>Mon aventure a commenc\u00e9 \u00e0 Bordeaux, en collaborant avec des fournisseurs talentueux pour s\u00e9lectionner des bijoux en <\/span><strong><span>acier inoxydable, durables, ajustables et incroyablement styl\u00e9s<\/span><\/strong><span>. Tr\u00e8s vite, j\u2019ai voulu aller plus loin que la simple s\u00e9lection de produits : je voulais raconter une histoire, transmettre une \u00e9motion et cr\u00e9er un v\u00e9ritable univers autour de chaque pi\u00e8ce.<\/span><\/p>\n<p class=\"isSelectedEnd\"><span>Gr\u00e2ce aux r\u00e9seaux sociaux, j\u2019ai commenc\u00e9 \u00e0 partager mes coups de c\u0153ur avec authenticit\u00e9 et passion. Chaque publication est devenue une invitation \u00e0 d\u00e9couvrir des bijoux soigneusement choisis, inspir\u00e9s par l\u2019\u00e9l\u00e9gance intemporelle et pens\u00e9s pour sublimer toutes les personnalit\u00e9s.<\/span><\/p>\n<p class=\"isSelectedEnd\"><span>Au fil du temps, la marque a grandi. J\u2019ai cr\u00e9\u00e9 un site internet d\u00e9di\u00e9 pour permettre aux amoureux de la mode, en France et \u00e0 l\u2019international, de d\u00e9couvrir notre univers. Aujourd\u2019hui, <\/span><strong><span>nous sommes plusieurs \u00e0 faire vivre cette belle aventure<\/span><\/strong><span>. Chaque jour, nous pr\u00e9parons vos commandes avec soin et amour, avec une seule mission : vous offrir des bijoux qui vous font vous sentir belles, confiantes et uniques.<\/span><\/p>\n<p class=\"isSelectedEnd\"><span>Notre collection est le fruit d\u2019une collaboration \u00e9troite avec nos partenaires parisiens et d\u2019une exigence constante sur la <\/span><strong><span>qualit\u00e9, le design et l\u2019\u00e9motion<\/span><\/strong><span>. Chaque bijou est s\u00e9lectionn\u00e9 pour sa capacit\u00e9 \u00e0 raconter une histoire et \u00e0 accompagner les moments importants de votre vie.<\/span><\/p>\n<p class=\"isSelectedEnd\"><span>Nous sommes fiers d\u2019\u00eatre devenus une source d\u2019inspiration pour des milliers de clientes qui nous font confiance. Et ce n\u2019est que le d\u00e9but\u2026<\/span><br \/><span>Notre ambition est de continuer \u00e0 d\u00e9velopper la marque, \u00e0 d\u00e9nicher des pi\u00e8ces toujours plus incroyables et \u00e0 partager avec vous notre passion pour les bijoux en acier au style inoubliable.<\/span><\/p>\n<p><span>\u2728 Merci de faire partie de cette aventure.<\/span><\/p>\n<p>[\/et_pb_text][\/et_pb_column][\/et_pb_row][\/et_pb_section]<\/p>\n","protected":false},"excerpt":{"rendered":"<p>Qui sommes-nous ?Je m\u2019appelle Julie, j\u2019ai 23 ans, et il y a quelques ann\u00e9es j\u2019\u00e9tais simplement une passionn\u00e9e de bijoux avec un r\u00eave : partager des cr\u00e9ations uniques et \u00e9l\u00e9gantes avec le monde entier. Mon aventure a commenc\u00e9 \u00e0 Bordeaux, en collaborant avec des fournisseurs talentueux pour s\u00e9lectionner des bijoux en acier inoxydable, durables, ajustables [&hellip;]<\/p>\n","protected":false},"author":1,"featured_media":0,"parent":0,"menu_order":0,"comment_status":"closed","ping_status":"closed","template":"","meta":{"_et_pb_use_builder":"on","_et_pb_old_content":"","_et_gb_content_width":"","footnotes":""},"class_list":["post-411","page","type-page","status-publish","hentry"],"yoast_head":"<!-- This site is optimized with the Yoast SEO plugin v26.9 - https:\/\/yoast.com\/product\/yoast-seo-wordpress\/ -->\n<title>Notre Histoire - Jewelshouse<\/title>\n<meta name=\"robots\" content=\"index, follow, max-snippet:-1, max-image-preview:large, max-video-preview:-1\" \/>\n<link rel=\"canonical\" href=\"https:\/\/jewelshouse.fr\/?page_id=411\" \/>\n<meta property=\"og:locale\" content=\"fr_FR\" \/>\n<meta property=\"og:type\" content=\"article\" \/>\n<meta property=\"og:title\" content=\"Notre Histoire - Jewelshouse\" \/>\n<meta property=\"og:description\" content=\"Qui sommes-nous ?Je m\u2019appelle Julie, j\u2019ai 23 ans, et il y a quelques ann\u00e9es j\u2019\u00e9tais simplement une passionn\u00e9e de bijoux avec un r\u00eave : partager des cr\u00e9ations uniques et \u00e9l\u00e9gantes avec le monde entier. Mon aventure a commenc\u00e9 \u00e0 Bordeaux, en collaborant avec des fournisseurs talentueux pour s\u00e9lectionner des bijoux en acier inoxydable, durables, ajustables [&hellip;]\" \/>\n<meta property=\"og:url\" content=\"https:\/\/jewelshouse.fr\/?page_id=411\" \/>\n<meta property=\"og:site_name\" content=\"Jewelshouse\" \/>\n<meta name=\"twitter:card\" content=\"summary_large_image\" \/>\n<script type=\"application\/ld+json\" class=\"yoast-schema-graph\">{\"@context\":\"https:\/\/schema.org\",\"@graph\":[{\"@type\":\"WebPage\",\"@id\":\"https:\/\/jewelshouse.fr\/?page_id=411\",\"url\":\"https:\/\/jewelshouse.fr\/?page_id=411\",\"name\":\"Notre Histoire - Jewelshouse\",\"isPartOf\":{\"@id\":\"https:\/\/jewelshouse.fr\/#website\"},\"datePublished\":\"2026-03-23T14:38:42+00:00\",\"breadcrumb\":{\"@id\":\"https:\/\/jewelshouse.fr\/?page_id=411#breadcrumb\"},\"inLanguage\":\"fr-FR\",\"potentialAction\":[{\"@type\":\"ReadAction\",\"target\":[\"https:\/\/jewelshouse.fr\/?page_id=411\"]}]},{\"@type\":\"BreadcrumbList\",\"@id\":\"https:\/\/jewelshouse.fr\/?page_id=411#breadcrumb\",\"itemListElement\":[{\"@type\":\"ListItem\",\"position\":1,\"name\":\"Accueil\",\"item\":\"https:\/\/jewelshouse.fr\/\"},{\"@type\":\"ListItem\",\"position\":2,\"name\":\"Notre Histoire\"}]},{\"@type\":\"WebSite\",\"@id\":\"https:\/\/jewelshouse.fr\/#website\",\"url\":\"https:\/\/jewelshouse.fr\/\",\"name\":\"Jewelshouse\",\"description\":\"\",\"potentialAction\":[{\"@type\":\"SearchAction\",\"target\":{\"@type\":\"EntryPoint\",\"urlTemplate\":\"https:\/\/jewelshouse.fr\/?s={search_term_string}\"},\"query-input\":{\"@type\":\"PropertyValueSpecification\",\"valueRequired\":true,\"valueName\":\"search_term_string\"}}],\"inLanguage\":\"fr-FR\"}]}<\/script>\n<!-- \/ Yoast SEO plugin. -->","yoast_head_json":{"title":"Notre Histoire - Jewelshouse","robots":{"index":"index","follow":"follow","max-snippet":"max-snippet:-1","max-image-preview":"max-image-preview:large","max-video-preview":"max-video-preview:-1"},"canonical":"https:\/\/jewelshouse.fr\/?page_id=411","og_locale":"fr_FR","og_type":"article","og_title":"Notre Histoire - Jewelshouse","og_description":"Qui sommes-nous ?Je m\u2019appelle Julie, j\u2019ai 23 ans, et il y a quelques ann\u00e9es j\u2019\u00e9tais simplement une passionn\u00e9e de bijoux avec un r\u00eave : partager des cr\u00e9ations uniques et \u00e9l\u00e9gantes avec le monde entier. Mon aventure a commenc\u00e9 \u00e0 Bordeaux, en collaborant avec des fournisseurs talentueux pour s\u00e9lectionner des bijoux en acier inoxydable, durables, ajustables [&hellip;]","og_url":"https:\/\/jewelshouse.fr\/?page_id=411","og_site_name":"Jewelshouse","twitter_card":"summary_large_image","schema":{"@context":"https:\/\/schema.org","@graph":[{"@type":"WebPage","@id":"https:\/\/jewelshouse.fr\/?page_id=411","url":"https:\/\/jewelshouse.fr\/?page_id=411","name":"Notre Histoire - Jewelshouse","isPartOf":{"@id":"https:\/\/jewelshouse.fr\/#website"},"datePublished":"2026-03-23T14:38:42+00:00","breadcrumb":{"@id":"https:\/\/jewelshouse.fr\/?page_id=411#breadcrumb"},"inLanguage":"fr-FR","potentialAction":[{"@type":"ReadAction","target":["https:\/\/jewelshouse.fr\/?page_id=411"]}]},{"@type":"BreadcrumbList","@id":"https:\/\/jewelshouse.fr\/?page_id=411#breadcrumb","itemListElement":[{"@type":"ListItem","position":1,"name":"Accueil","item":"https:\/\/jewelshouse.fr\/"},{"@type":"ListItem","position":2,"name":"Notre Histoire"}]},{"@type":"WebSite","@id":"https:\/\/jewelshouse.fr\/#website","url":"https:\/\/jewelshouse.fr\/","name":"Jewelshouse","description":"","potentialAction":[{"@type":"SearchAction","target":{"@type":"EntryPoint","urlTemplate":"https:\/\/jewelshouse.fr\/?s={search_term_string}"},"query-input":{"@type":"PropertyValueSpecification","valueRequired":true,"valueName":"search_term_string"}}],"inLanguage":"fr-FR"}]}},"_links":{"self":[{"href":"https:\/\/jewelshouse.fr\/index.php?rest_route=\/wp\/v2\/pages\/411","targetHints":{"allow":["GET"]}}],"collection":[{"href":"https:\/\/jewelshouse.fr\/index.php?rest_route=\/wp\/v2\/pages"}],"about":[{"href":"https:\/\/jewelshouse.fr\/index.php?rest_route=\/wp\/v2\/types\/page"}],"author":[{"embeddable":true,"href":"https:\/\/jewelshouse.fr\/index.php?rest_route=\/wp\/v2\/users\/1"}],"replies":[{"embeddable":true,"href":"https:\/\/jewelshouse.fr\/index.php?rest_route=%2Fwp%2Fv2%2Fcomments&post=411"}],"version-history":[{"count":2,"href":"https:\/\/jewelshouse.fr\/index.php?rest_route=\/wp\/v2\/pages\/411\/revisions"}],"predecessor-version":[{"id":415,"href":"https:\/\/jewelshouse.fr\/index.php?rest_route=\/wp\/v2\/pages\/411\/revisions\/415"}],"wp:attachment":[{"href":"https:\/\/jewelshouse.fr\/index.php?rest_route=%2Fwp%2Fv2%2Fmedia&parent=411"}],"curies":[{"name":"wp","href":"https:\/\/api.w.org\/{rel}","templated":true}]}}