{"id":373,"date":"2026-03-23T09:18:59","date_gmt":"2026-03-23T09:18:59","guid":{"rendered":"https:\/\/jewelshouse.fr\/?page_id=373"},"modified":"2026-03-23T10:10:20","modified_gmt":"2026-03-23T10:10:20","slug":"bracelets-2","status":"publish","type":"page","link":"https:\/\/jewelshouse.fr\/?page_id=373","title":{"rendered":"Bracelets"},"content":{"rendered":"<p>[et_pb_section fb_built=\u00a0\u00bb1&Prime; _builder_version=\u00a0\u00bb4.27.5&Prime; _module_preset=\u00a0\u00bbdefault\u00a0\u00bb global_colors_info=\u00a0\u00bb{}\u00a0\u00bb][et_pb_row column_structure=\u00a0\u00bb1_2,1_2&Prime; _builder_version=\u00a0\u00bb4.27.5&Prime; _module_preset=\u00a0\u00bbdefault\u00a0\u00bb global_colors_info=\u00a0\u00bb{}\u00a0\u00bb][et_pb_column type=\u00a0\u00bb1_2&Prime; _builder_version=\u00a0\u00bb4.27.5&Prime; _module_preset=\u00a0\u00bbdefault\u00a0\u00bb global_colors_info=\u00a0\u00bb{}\u00a0\u00bb][et_pb_image src=\u00a0\u00bbhttps:\/\/jewelshouse.fr\/wp-content\/uploads\/2026\/03\/Capture-decran-2026-03-23-a-10.17.54.png\u00a0\u00bb alt=\u00a0\u00bbBracelet-Gravure-Bijoux-Acier-Inoxydable-JewelsHouse\u00a0\u00bb title_text=\u00a0\u00bbBracelet-Gravure-Bijoux-Acier-Inoxydable-JewelsHouse\u00a0\u00bb _builder_version=\u00a0\u00bb4.27.5&Prime; _module_preset=\u00a0\u00bbdefault\u00a0\u00bb global_colors_info=\u00a0\u00bb{}\u00a0\u00bb][\/et_pb_image][\/et_pb_column][et_pb_column type=\u00a0\u00bb1_2&Prime; _builder_version=\u00a0\u00bb4.27.5&Prime; _module_preset=\u00a0\u00bbdefault\u00a0\u00bb global_colors_info=\u00a0\u00bb{}\u00a0\u00bb][et_pb_text _builder_version=\u00a0\u00bb4.27.5&Prime; _module_preset=\u00a0\u00bbdefault\u00a0\u00bb global_colors_info=\u00a0\u00bb{}\u00a0\u00bb]<\/p>\n<h2><strong><span>Bracelet C\u0153ur Personnalisable<\/span><\/strong><\/h2>\n<p>[\/et_pb_text][et_pb_text _builder_version=\u00a0\u00bb4.27.5&Prime; _module_preset=\u00a0\u00bbdefault\u00a0\u00bb global_colors_info=\u00a0\u00bb{}\u00a0\u00bb]<\/p>\n<p class=\"isSelectedEnd\"><span>Succombez au charme de ce bracelet d\u00e9licat avec breloque c\u0153ur personnalisable, un bijou tendance et symbolique qui accompagnera parfaitement tous vos styles. Id\u00e9al \u00e0 offrir pour une occasion sp\u00e9ciale ou simplement pour faire plaisir.<\/span><\/p>\n<p class=\"isSelectedEnd\"><span>\ud83d\udc8e <\/span><strong><span>Caract\u00e9ristiques :<\/span><\/strong><\/p>\n<ul data-spread=\"false\">\n<li><span>Mati\u00e8re : <\/span><strong><span>Acier inoxydable<\/span><\/strong><span> (r\u00e9siste \u00e0 l\u2019eau, ne noircit pas, hypoallerg\u00e9nique)<\/span><\/li>\n<li><span>Breloque c\u0153ur personnalisable par gravure<\/span><\/li>\n<li><span>Bracelet fin, \u00e9l\u00e9gant et confortable \u00e0 porter<\/span><\/li>\n<li><span>Fermoir s\u00e9curis\u00e9 et cha\u00eene r\u00e9sistante<\/span><\/li>\n<\/ul>\n<p class=\"isSelectedEnd\"><span>\u270f\ufe0f <\/span><strong><span>Personnalisation :<\/span><\/strong><br \/><span>Pour toute demande de gravure, merci de <\/span><a href=\"https:\/\/jewelshouse.fr\/?page_id=3\"><strong><span>contacter notre SAV<\/span><\/strong><\/a><span> afin de nous indiquer la gravure souhait\u00e9e.<\/span><\/p>\n<p class=\"isSelectedEnd\"><span>\u26a0\ufe0f <\/span><strong><span>Information importante :<\/span><\/strong><br \/><span>Les bijoux personnalis\u00e9s ne sont <\/span><strong><span>ni repris ni rembours\u00e9s<\/span><\/strong><span> (voir nos <a href=\"https:\/\/jewelshouse.fr\/?page_id=304\">CGV<\/a>).<\/span><\/p>\n<p><span>\ud83c\udf81 Une id\u00e9e cadeau parfaite pour offrir un bijou unique et rempli d\u2019\u00e9motion.<\/span><\/p>\n<p>[\/et_pb_text][\/et_pb_column][\/et_pb_row][\/et_pb_section]<\/p>\n","protected":false},"excerpt":{"rendered":"<p>Bracelet C\u0153ur PersonnalisableSuccombez au charme de ce bracelet d\u00e9licat avec breloque c\u0153ur personnalisable, un bijou tendance et symbolique qui accompagnera parfaitement tous vos styles. Id\u00e9al \u00e0 offrir pour une occasion sp\u00e9ciale ou simplement pour faire plaisir. \ud83d\udc8e Caract\u00e9ristiques : Mati\u00e8re : Acier inoxydable (r\u00e9siste \u00e0 l\u2019eau, ne noircit pas, hypoallerg\u00e9nique) Breloque c\u0153ur personnalisable par gravure [&hellip;]<\/p>\n","protected":false},"author":1,"featured_media":0,"parent":0,"menu_order":0,"comment_status":"closed","ping_status":"closed","template":"","meta":{"_et_pb_use_builder":"on","_et_pb_old_content":"","_et_gb_content_width":"","footnotes":""},"class_list":["post-373","page","type-page","status-publish","hentry"],"yoast_head":"<!-- This site is optimized with the Yoast SEO plugin v26.9 - https:\/\/yoast.com\/product\/yoast-seo-wordpress\/ -->\n<title>Bracelets - Jewelshouse<\/title>\n<meta name=\"robots\" content=\"index, follow, max-snippet:-1, max-image-preview:large, max-video-preview:-1\" \/>\n<link rel=\"canonical\" href=\"https:\/\/jewelshouse.fr\/?page_id=373\" \/>\n<meta property=\"og:locale\" content=\"fr_FR\" \/>\n<meta property=\"og:type\" content=\"article\" \/>\n<meta property=\"og:title\" content=\"Bracelets - Jewelshouse\" \/>\n<meta property=\"og:description\" content=\"Bracelet C\u0153ur PersonnalisableSuccombez au charme de ce bracelet d\u00e9licat avec breloque c\u0153ur personnalisable, un bijou tendance et symbolique qui accompagnera parfaitement tous vos styles. Id\u00e9al \u00e0 offrir pour une occasion sp\u00e9ciale ou simplement pour faire plaisir. \ud83d\udc8e Caract\u00e9ristiques : Mati\u00e8re : Acier inoxydable (r\u00e9siste \u00e0 l\u2019eau, ne noircit pas, hypoallerg\u00e9nique) Breloque c\u0153ur personnalisable par gravure [&hellip;]\" \/>\n<meta property=\"og:url\" content=\"https:\/\/jewelshouse.fr\/?page_id=373\" \/>\n<meta property=\"og:site_name\" content=\"Jewelshouse\" \/>\n<meta property=\"article:modified_time\" content=\"2026-03-23T10:10:20+00:00\" \/>\n<meta name=\"twitter:card\" content=\"summary_large_image\" \/>\n<script type=\"application\/ld+json\" class=\"yoast-schema-graph\">{\"@context\":\"https:\/\/schema.org\",\"@graph\":[{\"@type\":\"WebPage\",\"@id\":\"https:\/\/jewelshouse.fr\/?page_id=373\",\"url\":\"https:\/\/jewelshouse.fr\/?page_id=373\",\"name\":\"Bracelets - Jewelshouse\",\"isPartOf\":{\"@id\":\"https:\/\/jewelshouse.fr\/#website\"},\"datePublished\":\"2026-03-23T09:18:59+00:00\",\"dateModified\":\"2026-03-23T10:10:20+00:00\",\"breadcrumb\":{\"@id\":\"https:\/\/jewelshouse.fr\/?page_id=373#breadcrumb\"},\"inLanguage\":\"fr-FR\",\"potentialAction\":[{\"@type\":\"ReadAction\",\"target\":[\"https:\/\/jewelshouse.fr\/?page_id=373\"]}]},{\"@type\":\"BreadcrumbList\",\"@id\":\"https:\/\/jewelshouse.fr\/?page_id=373#breadcrumb\",\"itemListElement\":[{\"@type\":\"ListItem\",\"position\":1,\"name\":\"Accueil\",\"item\":\"https:\/\/jewelshouse.fr\/\"},{\"@type\":\"ListItem\",\"position\":2,\"name\":\"Bracelets\"}]},{\"@type\":\"WebSite\",\"@id\":\"https:\/\/jewelshouse.fr\/#website\",\"url\":\"https:\/\/jewelshouse.fr\/\",\"name\":\"Jewelshouse\",\"description\":\"\",\"potentialAction\":[{\"@type\":\"SearchAction\",\"target\":{\"@type\":\"EntryPoint\",\"urlTemplate\":\"https:\/\/jewelshouse.fr\/?s={search_term_string}\"},\"query-input\":{\"@type\":\"PropertyValueSpecification\",\"valueRequired\":true,\"valueName\":\"search_term_string\"}}],\"inLanguage\":\"fr-FR\"}]}<\/script>\n<!-- \/ Yoast SEO plugin. -->","yoast_head_json":{"title":"Bracelets - Jewelshouse","robots":{"index":"index","follow":"follow","max-snippet":"max-snippet:-1","max-image-preview":"max-image-preview:large","max-video-preview":"max-video-preview:-1"},"canonical":"https:\/\/jewelshouse.fr\/?page_id=373","og_locale":"fr_FR","og_type":"article","og_title":"Bracelets - Jewelshouse","og_description":"Bracelet C\u0153ur PersonnalisableSuccombez au charme de ce bracelet d\u00e9licat avec breloque c\u0153ur personnalisable, un bijou tendance et symbolique qui accompagnera parfaitement tous vos styles. Id\u00e9al \u00e0 offrir pour une occasion sp\u00e9ciale ou simplement pour faire plaisir. \ud83d\udc8e Caract\u00e9ristiques : Mati\u00e8re : Acier inoxydable (r\u00e9siste \u00e0 l\u2019eau, ne noircit pas, hypoallerg\u00e9nique) Breloque c\u0153ur personnalisable par gravure [&hellip;]","og_url":"https:\/\/jewelshouse.fr\/?page_id=373","og_site_name":"Jewelshouse","article_modified_time":"2026-03-23T10:10:20+00:00","twitter_card":"summary_large_image","schema":{"@context":"https:\/\/schema.org","@graph":[{"@type":"WebPage","@id":"https:\/\/jewelshouse.fr\/?page_id=373","url":"https:\/\/jewelshouse.fr\/?page_id=373","name":"Bracelets - Jewelshouse","isPartOf":{"@id":"https:\/\/jewelshouse.fr\/#website"},"datePublished":"2026-03-23T09:18:59+00:00","dateModified":"2026-03-23T10:10:20+00:00","breadcrumb":{"@id":"https:\/\/jewelshouse.fr\/?page_id=373#breadcrumb"},"inLanguage":"fr-FR","potentialAction":[{"@type":"ReadAction","target":["https:\/\/jewelshouse.fr\/?page_id=373"]}]},{"@type":"BreadcrumbList","@id":"https:\/\/jewelshouse.fr\/?page_id=373#breadcrumb","itemListElement":[{"@type":"ListItem","position":1,"name":"Accueil","item":"https:\/\/jewelshouse.fr\/"},{"@type":"ListItem","position":2,"name":"Bracelets"}]},{"@type":"WebSite","@id":"https:\/\/jewelshouse.fr\/#website","url":"https:\/\/jewelshouse.fr\/","name":"Jewelshouse","description":"","potentialAction":[{"@type":"SearchAction","target":{"@type":"EntryPoint","urlTemplate":"https:\/\/jewelshouse.fr\/?s={search_term_string}"},"query-input":{"@type":"PropertyValueSpecification","valueRequired":true,"valueName":"search_term_string"}}],"inLanguage":"fr-FR"}]}},"_links":{"self":[{"href":"https:\/\/jewelshouse.fr\/index.php?rest_route=\/wp\/v2\/pages\/373","targetHints":{"allow":["GET"]}}],"collection":[{"href":"https:\/\/jewelshouse.fr\/index.php?rest_route=\/wp\/v2\/pages"}],"about":[{"href":"https:\/\/jewelshouse.fr\/index.php?rest_route=\/wp\/v2\/types\/page"}],"author":[{"embeddable":true,"href":"https:\/\/jewelshouse.fr\/index.php?rest_route=\/wp\/v2\/users\/1"}],"replies":[{"embeddable":true,"href":"https:\/\/jewelshouse.fr\/index.php?rest_route=%2Fwp%2Fv2%2Fcomments&post=373"}],"version-history":[{"count":4,"href":"https:\/\/jewelshouse.fr\/index.php?rest_route=\/wp\/v2\/pages\/373\/revisions"}],"predecessor-version":[{"id":386,"href":"https:\/\/jewelshouse.fr\/index.php?rest_route=\/wp\/v2\/pages\/373\/revisions\/386"}],"wp:attachment":[{"href":"https:\/\/jewelshouse.fr\/index.php?rest_route=%2Fwp%2Fv2%2Fmedia&parent=373"}],"curies":[{"name":"wp","href":"https:\/\/api.w.org\/{rel}","templated":true}]}}