{"id":357,"date":"2026-03-23T09:13:09","date_gmt":"2026-03-23T09:13:09","guid":{"rendered":"https:\/\/jewelshouse.fr\/?page_id=357"},"modified":"2026-03-23T10:11:26","modified_gmt":"2026-03-23T10:11:26","slug":"bagues-2","status":"publish","type":"page","link":"https:\/\/jewelshouse.fr\/?page_id=357","title":{"rendered":"Bagues"},"content":{"rendered":"<p>[et_pb_section fb_built=\u00a0\u00bb1&Prime; _builder_version=\u00a0\u00bb4.27.5&Prime; _module_preset=\u00a0\u00bbdefault\u00a0\u00bb background_color=\u00a0\u00bb#d8bf9f\u00a0\u00bb min_height=\u00a0\u00bb181.5px\u00a0\u00bb custom_margin=\u00a0\u00bb0px||0px||false|false\u00a0\u00bb custom_padding=\u00a0\u00bb0px||0px||false|false\u00a0\u00bb global_colors_info=\u00a0\u00bb{}\u00a0\u00bb][et_pb_row column_structure=\u00a0\u00bb2_5,3_5&Prime; _builder_version=\u00a0\u00bb4.27.5&Prime; _module_preset=\u00a0\u00bbdefault\u00a0\u00bb custom_margin=\u00a0\u00bb0px||0px||false|false\u00a0\u00bb custom_padding=\u00a0\u00bb0px||0px||false|false\u00a0\u00bb global_colors_info=\u00a0\u00bb{}\u00a0\u00bb][et_pb_column type=\u00a0\u00bb2_5&Prime; _builder_version=\u00a0\u00bb4.27.5&Prime; _module_preset=\u00a0\u00bbdefault\u00a0\u00bb global_colors_info=\u00a0\u00bb{}\u00a0\u00bb][et_pb_image src=\u00a0\u00bbhttps:\/\/jewelshouse.fr\/wp-content\/uploads\/2026\/03\/Capture-decran-2026-03-09-a-15.02.08.png\u00a0\u00bb title_text=\u00a0\u00bbCapture d\u2019\u00e9cran 2026-03-09 \u00e0 15.02.08&Prime; _builder_version=\u00a0\u00bb4.27.5&Prime; _module_preset=\u00a0\u00bbdefault\u00a0\u00bb width=\u00a0\u00bb63%\u00a0\u00bb custom_margin=\u00a0\u00bb32px||||false|false\u00a0\u00bb global_colors_info=\u00a0\u00bb{}\u00a0\u00bb][\/et_pb_image][\/et_pb_column][et_pb_column type=\u00a0\u00bb3_5&Prime; _builder_version=\u00a0\u00bb4.27.5&Prime; _module_preset=\u00a0\u00bbdefault\u00a0\u00bb global_colors_info=\u00a0\u00bb{}\u00a0\u00bb][et_pb_menu menu_style=\u00a0\u00bbcentered\u00a0\u00bb logo_max_height=\u00a0\u00bb200px\u00a0\u00bb _builder_version=\u00a0\u00bb4.27.5&Prime; _module_preset=\u00a0\u00bbdefault\u00a0\u00bb menu_font=\u00a0\u00bb|800|||||||\u00a0\u00bb menu_font_size=\u00a0\u00bb18px\u00a0\u00bb background_enable_color=\u00a0\u00bboff\u00a0\u00bb module_alignment=\u00a0\u00bbleft\u00a0\u00bb custom_margin=\u00a0\u00bb69px||||false|false\u00a0\u00bb hover_transition_duration=\u00a0\u00bb250ms\u00a0\u00bb global_colors_info=\u00a0\u00bb{}\u00a0\u00bb][\/et_pb_menu][\/et_pb_column][\/et_pb_row][\/et_pb_section][et_pb_section fb_built=\u00a0\u00bb1&Prime; _builder_version=\u00a0\u00bb4.27.5&Prime; _module_preset=\u00a0\u00bbdefault\u00a0\u00bb global_colors_info=\u00a0\u00bb{}\u00a0\u00bb][et_pb_row column_structure=\u00a0\u00bb1_2,1_2&Prime; _builder_version=\u00a0\u00bb4.27.5&Prime; _module_preset=\u00a0\u00bbdefault\u00a0\u00bb global_colors_info=\u00a0\u00bb{}\u00a0\u00bb][et_pb_column type=\u00a0\u00bb1_2&Prime; _builder_version=\u00a0\u00bb4.27.5&Prime; _module_preset=\u00a0\u00bbdefault\u00a0\u00bb global_colors_info=\u00a0\u00bb{}\u00a0\u00bb][et_pb_image src=\u00a0\u00bbhttps:\/\/jewelshouse.fr\/wp-content\/uploads\/2026\/03\/Capture-decran-2026-03-23-a-10.09.08.png\u00a0\u00bb alt=\u00a0\u00bbBague-Gravure-Bijoux-Acier-Inoxydable-JewelsHouse\u00a0\u00bb title_text=\u00a0\u00bbBague-Gravure-Bijoux-Acier-Inoxydable-JewelsHouse\u00a0\u00bb _builder_version=\u00a0\u00bb4.27.5&Prime; _module_preset=\u00a0\u00bbdefault\u00a0\u00bb global_colors_info=\u00a0\u00bb{}\u00a0\u00bb][\/et_pb_image][\/et_pb_column][et_pb_column type=\u00a0\u00bb1_2&Prime; _builder_version=\u00a0\u00bb4.27.5&Prime; _module_preset=\u00a0\u00bbdefault\u00a0\u00bb global_colors_info=\u00a0\u00bb{}\u00a0\u00bb][et_pb_text _builder_version=\u00a0\u00bb4.27.5&Prime; _module_preset=\u00a0\u00bbdefault\u00a0\u00bb global_colors_info=\u00a0\u00bb{}\u00a0\u00bb]<\/p>\n<h2><span><\/span><strong><span>Bague Breloque C\u0153ur Personnalisable<\/span><\/strong><\/h2>\n<p>[\/et_pb_text][et_pb_text _builder_version=\u00a0\u00bb4.27.5&Prime; _module_preset=\u00a0\u00bbdefault\u00a0\u00bb global_colors_info=\u00a0\u00bb{}\u00a0\u00bb]<\/p>\n<p class=\"isSelectedEnd\"><span>Craquez pour cette d\u00e9licate bague \u00e0 breloque c\u0153ur, un bijou tendance et plein de sens \u00e0 personnaliser selon vos envies. \u00c9l\u00e9gante et f\u00e9minine, elle apporte une touche raffin\u00e9e \u00e0 toutes vos tenues, au quotidien comme pour les occasions sp\u00e9ciales.<\/span><\/p>\n<p class=\"isSelectedEnd\"><span>\u2728 <\/span><strong><span>Caract\u00e9ristiques :<\/span><\/strong><\/p>\n<ul data-spread=\"false\">\n<li><span>Mati\u00e8re : <\/span><strong><span>Acier inoxydable<\/span><\/strong><span> (r\u00e9siste \u00e0 l\u2019eau, ne noircit pas)<\/span><\/li>\n<li><strong><span>Bague ajustable<\/span><\/strong><span> : s\u2019adapte facilement \u00e0 la plupart des tailles de doigts<\/span><\/li>\n<li><span>Breloque c\u0153ur personnalisable par gravure<\/span><\/li>\n<li><span>Design fin, moderne et intemporel<\/span><\/li>\n<\/ul>\n<p class=\"isSelectedEnd\"><span>\u270f\ufe0f <\/span><strong><span>Personnalisation :<\/span><\/strong><br \/><span>Pour toute demande de gravure, merci de <\/span><a href=\"https:\/\/jewelshouse.fr\/?page_id=3\"><strong><span>contacter notre SAV<\/span><\/strong><\/a><span> afin de nous indiquer la gravure souhait\u00e9e.<br \/>\ud83d\udce9 sav@jewelshouse.fr<\/span><span><\/span><\/p>\n<p class=\"isSelectedEnd\"><span>\u26a0\ufe0f <\/span><strong><span>Information importante :<\/span><\/strong><br \/><span>Les bijoux personnalis\u00e9s ne sont <\/span><strong><span>ni repris ni rembours\u00e9s<\/span><\/strong><span> (voir nos <a href=\"https:\/\/jewelshouse.fr\/?page_id=304\">CGV<\/a>).<\/span><\/p>\n<p><span>\ud83d\udc9d Une id\u00e9e cadeau parfaite pour offrir un bijou unique et symbolique.<\/span><\/p>\n<p>[\/et_pb_text][\/et_pb_column][\/et_pb_row][\/et_pb_section][et_pb_section fb_built=\u00a0\u00bb1&Prime; _builder_version=\u00a0\u00bb4.27.5&Prime; _module_preset=\u00a0\u00bbdefault\u00a0\u00bb custom_padding=\u00a0\u00bb||47px|||\u00a0\u00bb global_colors_info=\u00a0\u00bb{}\u00a0\u00bb][et_pb_row column_structure=\u00a0\u00bb1_3,1_3,1_3&Prime; _builder_version=\u00a0\u00bb4.27.5&Prime; _module_preset=\u00a0\u00bbdefault\u00a0\u00bb global_colors_info=\u00a0\u00bb{}\u00a0\u00bb][et_pb_column type=\u00a0\u00bb1_3&Prime; _builder_version=\u00a0\u00bb4.27.5&Prime; _module_preset=\u00a0\u00bbdefault\u00a0\u00bb global_colors_info=\u00a0\u00bb{}\u00a0\u00bb][et_pb_text _builder_version=\u00a0\u00bb4.27.5&Prime; _module_preset=\u00a0\u00bbdefault\u00a0\u00bb custom_margin=\u00a0\u00bb||2px|||\u00a0\u00bb global_colors_info=\u00a0\u00bb{}\u00a0\u00bb]<\/p>\n<p><strong>Inscris-toi pour ne pas rater des offres exclusives.<\/strong><\/p>\n<p>[\/et_pb_text][et_pb_signup title=\u00a0\u00bbNewletter\u00a0\u00bb button_text=\u00a0\u00bbS&rsquo;abonner\u00a0\u00bb _builder_version=\u00a0\u00bb4.27.5&Prime; _module_preset=\u00a0\u00bbdefault\u00a0\u00bb form_field_background_color=\u00a0\u00bb#FFFFFF\u00a0\u00bb background_color=\u00a0\u00bb#d8bf9f\u00a0\u00bb width=\u00a0\u00bb100%\u00a0\u00bb max_width=\u00a0\u00bb90%\u00a0\u00bb min_height=\u00a0\u00bb100px\u00a0\u00bb height=\u00a0\u00bb343px\u00a0\u00bb custom_margin=\u00a0\u00bb||9px|||\u00a0\u00bb global_colors_info=\u00a0\u00bb{}\u00a0\u00bb][\/et_pb_signup][et_pb_social_media_follow _builder_version=\u00a0\u00bb4.27.5&Prime; _module_preset=\u00a0\u00bbdefault\u00a0\u00bb global_colors_info=\u00a0\u00bb{}\u00a0\u00bb][et_pb_social_media_follow_network social_network=\u00a0\u00bbfacebook\u00a0\u00bb _builder_version=\u00a0\u00bb4.27.5&Prime; _module_preset=\u00a0\u00bbdefault\u00a0\u00bb background_color=\u00a0\u00bb#3b5998&Prime; global_colors_info=\u00a0\u00bb{}\u00a0\u00bb follow_button=\u00a0\u00bboff\u00a0\u00bb url_new_window=\u00a0\u00bbon\u00a0\u00bb]facebook[\/et_pb_social_media_follow_network][et_pb_social_media_follow_network social_network=\u00a0\u00bbinstagram\u00a0\u00bb _builder_version=\u00a0\u00bb4.27.5&Prime; _module_preset=\u00a0\u00bbdefault\u00a0\u00bb background_color=\u00a0\u00bb#ea2c59&Prime; global_colors_info=\u00a0\u00bb{}\u00a0\u00bb follow_button=\u00a0\u00bboff\u00a0\u00bb url_new_window=\u00a0\u00bbon\u00a0\u00bb]instagram[\/et_pb_social_media_follow_network][et_pb_social_media_follow_network social_network=\u00a0\u00bbtiktok\u00a0\u00bb _builder_version=\u00a0\u00bb4.27.5&Prime; _module_preset=\u00a0\u00bbdefault\u00a0\u00bb background_color=\u00a0\u00bb#fe2c55&Prime; global_colors_info=\u00a0\u00bb{}\u00a0\u00bb follow_button=\u00a0\u00bboff\u00a0\u00bb url_new_window=\u00a0\u00bbon\u00a0\u00bb]tiktok[\/et_pb_social_media_follow_network][\/et_pb_social_media_follow][\/et_pb_column][et_pb_column type=\u00a0\u00bb1_3&Prime; _builder_version=\u00a0\u00bb4.27.5&Prime; _module_preset=\u00a0\u00bbdefault\u00a0\u00bb global_colors_info=\u00a0\u00bb{}\u00a0\u00bb][et_pb_text _builder_version=\u00a0\u00bb4.27.5&Prime; _module_preset=\u00a0\u00bbdefault\u00a0\u00bb text_font=\u00a0\u00bb|800|||||||\u00a0\u00bb text_font_size=\u00a0\u00bb20px\u00a0\u00bb global_colors_info=\u00a0\u00bb{}\u00a0\u00bb]<\/p>\n<p>Information<\/p>\n<p>[\/et_pb_text][et_pb_text _builder_version=\u00a0\u00bb4.27.5&Prime; _module_preset=\u00a0\u00bbdefault\u00a0\u00bb link_option_url=\u00a0\u00bbhttps:\/\/jewelshouse.fr\/?page_id=304&Prime; global_colors_info=\u00a0\u00bb{}\u00a0\u00bb]<\/p>\n<p>CGV<\/p>\n<p>[\/et_pb_text][et_pb_text _builder_version=\u00a0\u00bb4.27.5&Prime; _module_preset=\u00a0\u00bbdefault\u00a0\u00bb custom_margin=\u00a0\u00bb-26px||4px|||\u00a0\u00bb link_option_url=\u00a0\u00bbhttps:\/\/jewelshouse.fr\/?page_id=3&Prime; global_colors_info=\u00a0\u00bb{}\u00a0\u00bb]<\/p>\n<p>Nous contacter<\/p>\n<p>[\/et_pb_text][et_pb_text _builder_version=\u00a0\u00bb4.27.5&Prime; _module_preset=\u00a0\u00bbdefault\u00a0\u00bb link_option_url=\u00a0\u00bbhttps:\/\/jewelshouse.fr\/?page_id=317&Prime; global_colors_info=\u00a0\u00bb{}\u00a0\u00bb]<\/p>\n<p>FAQ<\/p>\n<p>&nbsp;<\/p>\n<p>[\/et_pb_text][\/et_pb_column][et_pb_column type=\u00a0\u00bb1_3&Prime; _builder_version=\u00a0\u00bb4.27.5&Prime; _module_preset=\u00a0\u00bbdefault\u00a0\u00bb global_colors_info=\u00a0\u00bb{}\u00a0\u00bb][et_pb_text _builder_version=\u00a0\u00bb4.27.5&Prime; _module_preset=\u00a0\u00bbdefault\u00a0\u00bb text_font=\u00a0\u00bb|800|||||||\u00a0\u00bb text_font_size=\u00a0\u00bb20px\u00a0\u00bb global_colors_info=\u00a0\u00bb{}\u00a0\u00bb]<\/p>\n<p>Boutique<\/p>\n<p>[\/et_pb_text][et_pb_text _builder_version=\u00a0\u00bb4.27.5&Prime; _module_preset=\u00a0\u00bbdefault\u00a0\u00bb min_height=\u00a0\u00bb7px\u00a0\u00bb custom_margin=\u00a0\u00bb||5px|||\u00a0\u00bb custom_padding=\u00a0\u00bb0px|||||\u00a0\u00bb global_colors_info=\u00a0\u00bb{}\u00a0\u00bb]<\/p>\n<p><span style=\"font-size: 14px;\">Nos bijoux <\/span><\/p>\n<p><span style=\"font-size: 14px;\">\u00a0<\/span><\/p>\n<p>[\/et_pb_text][et_pb_search _builder_version=\u00a0\u00bb4.27.5&Prime; _module_preset=\u00a0\u00bbdefault\u00a0\u00bb min_height=\u00a0\u00bb33px\u00a0\u00bb custom_margin=\u00a0\u00bb-31px|||||\u00a0\u00bb global_colors_info=\u00a0\u00bb{}\u00a0\u00bb][\/et_pb_search][\/et_pb_column][\/et_pb_row][\/et_pb_section]<\/p>\n","protected":false},"excerpt":{"rendered":"<p>Bague Breloque C\u0153ur PersonnalisableCraquez pour cette d\u00e9licate bague \u00e0 breloque c\u0153ur, un bijou tendance et plein de sens \u00e0 personnaliser selon vos envies. \u00c9l\u00e9gante et f\u00e9minine, elle apporte une touche raffin\u00e9e \u00e0 toutes vos tenues, au quotidien comme pour les occasions sp\u00e9ciales. \u2728 Caract\u00e9ristiques : Mati\u00e8re : Acier inoxydable (r\u00e9siste \u00e0 l\u2019eau, ne noircit pas) [&hellip;]<\/p>\n","protected":false},"author":1,"featured_media":0,"parent":0,"menu_order":0,"comment_status":"closed","ping_status":"closed","template":"","meta":{"_et_pb_use_builder":"on","_et_pb_old_content":"","_et_gb_content_width":"","footnotes":""},"class_list":["post-357","page","type-page","status-publish","hentry"],"yoast_head":"<!-- This site is optimized with the Yoast SEO plugin v26.9 - https:\/\/yoast.com\/product\/yoast-seo-wordpress\/ -->\n<title>Bagues - Jewelshouse<\/title>\n<meta name=\"robots\" content=\"index, follow, max-snippet:-1, max-image-preview:large, max-video-preview:-1\" \/>\n<link rel=\"canonical\" href=\"https:\/\/jewelshouse.fr\/?page_id=357\" \/>\n<meta property=\"og:locale\" content=\"fr_FR\" \/>\n<meta property=\"og:type\" content=\"article\" \/>\n<meta property=\"og:title\" content=\"Bagues - Jewelshouse\" \/>\n<meta property=\"og:description\" content=\"Bague Breloque C\u0153ur PersonnalisableCraquez pour cette d\u00e9licate bague \u00e0 breloque c\u0153ur, un bijou tendance et plein de sens \u00e0 personnaliser selon vos envies. \u00c9l\u00e9gante et f\u00e9minine, elle apporte une touche raffin\u00e9e \u00e0 toutes vos tenues, au quotidien comme pour les occasions sp\u00e9ciales. \u2728 Caract\u00e9ristiques : Mati\u00e8re : Acier inoxydable (r\u00e9siste \u00e0 l\u2019eau, ne noircit pas) [&hellip;]\" \/>\n<meta property=\"og:url\" content=\"https:\/\/jewelshouse.fr\/?page_id=357\" \/>\n<meta property=\"og:site_name\" content=\"Jewelshouse\" \/>\n<meta property=\"article:modified_time\" content=\"2026-03-23T10:11:26+00:00\" \/>\n<meta name=\"twitter:card\" content=\"summary_large_image\" \/>\n<script type=\"application\/ld+json\" class=\"yoast-schema-graph\">{\"@context\":\"https:\/\/schema.org\",\"@graph\":[{\"@type\":\"WebPage\",\"@id\":\"https:\/\/jewelshouse.fr\/?page_id=357\",\"url\":\"https:\/\/jewelshouse.fr\/?page_id=357\",\"name\":\"Bagues - Jewelshouse\",\"isPartOf\":{\"@id\":\"https:\/\/jewelshouse.fr\/#website\"},\"datePublished\":\"2026-03-23T09:13:09+00:00\",\"dateModified\":\"2026-03-23T10:11:26+00:00\",\"breadcrumb\":{\"@id\":\"https:\/\/jewelshouse.fr\/?page_id=357#breadcrumb\"},\"inLanguage\":\"fr-FR\",\"potentialAction\":[{\"@type\":\"ReadAction\",\"target\":[\"https:\/\/jewelshouse.fr\/?page_id=357\"]}]},{\"@type\":\"BreadcrumbList\",\"@id\":\"https:\/\/jewelshouse.fr\/?page_id=357#breadcrumb\",\"itemListElement\":[{\"@type\":\"ListItem\",\"position\":1,\"name\":\"Accueil\",\"item\":\"https:\/\/jewelshouse.fr\/\"},{\"@type\":\"ListItem\",\"position\":2,\"name\":\"Bagues\"}]},{\"@type\":\"WebSite\",\"@id\":\"https:\/\/jewelshouse.fr\/#website\",\"url\":\"https:\/\/jewelshouse.fr\/\",\"name\":\"Jewelshouse\",\"description\":\"\",\"potentialAction\":[{\"@type\":\"SearchAction\",\"target\":{\"@type\":\"EntryPoint\",\"urlTemplate\":\"https:\/\/jewelshouse.fr\/?s={search_term_string}\"},\"query-input\":{\"@type\":\"PropertyValueSpecification\",\"valueRequired\":true,\"valueName\":\"search_term_string\"}}],\"inLanguage\":\"fr-FR\"}]}<\/script>\n<!-- \/ Yoast SEO plugin. -->","yoast_head_json":{"title":"Bagues - Jewelshouse","robots":{"index":"index","follow":"follow","max-snippet":"max-snippet:-1","max-image-preview":"max-image-preview:large","max-video-preview":"max-video-preview:-1"},"canonical":"https:\/\/jewelshouse.fr\/?page_id=357","og_locale":"fr_FR","og_type":"article","og_title":"Bagues - Jewelshouse","og_description":"Bague Breloque C\u0153ur PersonnalisableCraquez pour cette d\u00e9licate bague \u00e0 breloque c\u0153ur, un bijou tendance et plein de sens \u00e0 personnaliser selon vos envies. \u00c9l\u00e9gante et f\u00e9minine, elle apporte une touche raffin\u00e9e \u00e0 toutes vos tenues, au quotidien comme pour les occasions sp\u00e9ciales. \u2728 Caract\u00e9ristiques : Mati\u00e8re : Acier inoxydable (r\u00e9siste \u00e0 l\u2019eau, ne noircit pas) [&hellip;]","og_url":"https:\/\/jewelshouse.fr\/?page_id=357","og_site_name":"Jewelshouse","article_modified_time":"2026-03-23T10:11:26+00:00","twitter_card":"summary_large_image","schema":{"@context":"https:\/\/schema.org","@graph":[{"@type":"WebPage","@id":"https:\/\/jewelshouse.fr\/?page_id=357","url":"https:\/\/jewelshouse.fr\/?page_id=357","name":"Bagues - Jewelshouse","isPartOf":{"@id":"https:\/\/jewelshouse.fr\/#website"},"datePublished":"2026-03-23T09:13:09+00:00","dateModified":"2026-03-23T10:11:26+00:00","breadcrumb":{"@id":"https:\/\/jewelshouse.fr\/?page_id=357#breadcrumb"},"inLanguage":"fr-FR","potentialAction":[{"@type":"ReadAction","target":["https:\/\/jewelshouse.fr\/?page_id=357"]}]},{"@type":"BreadcrumbList","@id":"https:\/\/jewelshouse.fr\/?page_id=357#breadcrumb","itemListElement":[{"@type":"ListItem","position":1,"name":"Accueil","item":"https:\/\/jewelshouse.fr\/"},{"@type":"ListItem","position":2,"name":"Bagues"}]},{"@type":"WebSite","@id":"https:\/\/jewelshouse.fr\/#website","url":"https:\/\/jewelshouse.fr\/","name":"Jewelshouse","description":"","potentialAction":[{"@type":"SearchAction","target":{"@type":"EntryPoint","urlTemplate":"https:\/\/jewelshouse.fr\/?s={search_term_string}"},"query-input":{"@type":"PropertyValueSpecification","valueRequired":true,"valueName":"search_term_string"}}],"inLanguage":"fr-FR"}]}},"_links":{"self":[{"href":"https:\/\/jewelshouse.fr\/index.php?rest_route=\/wp\/v2\/pages\/357","targetHints":{"allow":["GET"]}}],"collection":[{"href":"https:\/\/jewelshouse.fr\/index.php?rest_route=\/wp\/v2\/pages"}],"about":[{"href":"https:\/\/jewelshouse.fr\/index.php?rest_route=\/wp\/v2\/types\/page"}],"author":[{"embeddable":true,"href":"https:\/\/jewelshouse.fr\/index.php?rest_route=\/wp\/v2\/users\/1"}],"replies":[{"embeddable":true,"href":"https:\/\/jewelshouse.fr\/index.php?rest_route=%2Fwp%2Fv2%2Fcomments&post=357"}],"version-history":[{"count":5,"href":"https:\/\/jewelshouse.fr\/index.php?rest_route=\/wp\/v2\/pages\/357\/revisions"}],"predecessor-version":[{"id":387,"href":"https:\/\/jewelshouse.fr\/index.php?rest_route=\/wp\/v2\/pages\/357\/revisions\/387"}],"wp:attachment":[{"href":"https:\/\/jewelshouse.fr\/index.php?rest_route=%2Fwp%2Fv2%2Fmedia&parent=357"}],"curies":[{"name":"wp","href":"https:\/\/api.w.org\/{rel}","templated":true}]}}