{"id":241,"date":"2026-03-09T14:54:33","date_gmt":"2026-03-09T14:54:33","guid":{"rendered":"https:\/\/jewelshouse.fr\/?page_id=241"},"modified":"2026-03-23T14:40:04","modified_gmt":"2026-03-23T14:40:04","slug":"nos-idees-cadeaux","status":"publish","type":"page","link":"https:\/\/jewelshouse.fr\/?page_id=241","title":{"rendered":"Id\u00e9es cadeaux"},"content":{"rendered":"\n[et_pb_section fb_built=\u00a0\u00bb1&Prime; _builder_version=\u00a0\u00bb4.27.5&Prime; _module_preset=\u00a0\u00bbdefault\u00a0\u00bb global_colors_info=\u00a0\u00bb{}\u00a0\u00bb][et_pb_row _builder_version=\u00a0\u00bb4.27.5&Prime; _module_preset=\u00a0\u00bbdefault\u00a0\u00bb global_colors_info=\u00a0\u00bb{}\u00a0\u00bb][et_pb_column type=\u00a0\u00bb4_4&Prime; _builder_version=\u00a0\u00bb4.27.5&Prime; _module_preset=\u00a0\u00bbdefault\u00a0\u00bb global_colors_info=\u00a0\u00bb{}\u00a0\u00bb][et_pb_text _builder_version=\u00a0\u00bb4.27.5&Prime; _module_preset=\u00a0\u00bbdefault\u00a0\u00bb text_font=\u00a0\u00bb|800|||||||\u00a0\u00bb text_font_size=\u00a0\u00bb33px\u00a0\u00bb text_orientation=\u00a0\u00bbcenter\u00a0\u00bb custom_padding=\u00a0\u00bb||4px|||\u00a0\u00bb hover_enabled=\u00a0\u00bb0&Prime; global_colors_info=\u00a0\u00bb{}\u00a0\u00bb text_text_shadow_style=\u00a0\u00bbpreset4&Prime; sticky_enabled=\u00a0\u00bb0&Prime;]<p>ID\u00c9ES CADEAUX<\/p>[\/et_pb_text][\/et_pb_column][\/et_pb_row][et_pb_row column_structure=\u00a0\u00bb2_5,3_5&Prime; _builder_version=\u00a0\u00bb4.27.5&Prime; _module_preset=\u00a0\u00bbdefault\u00a0\u00bb global_colors_info=\u00a0\u00bb{}\u00a0\u00bb][et_pb_column type=\u00a0\u00bb2_5&Prime; _builder_version=\u00a0\u00bb4.27.5&Prime; _module_preset=\u00a0\u00bbdefault\u00a0\u00bb global_colors_info=\u00a0\u00bb{}\u00a0\u00bb][et_pb_image src=\u00a0\u00bbhttps:\/\/jewelshouse.fr\/wp-content\/uploads\/2026\/03\/ChatGPT-Image-23-mars-2026-a-09_36_50.png\u00a0\u00bb _builder_version=\u00a0\u00bb4.27.5&Prime; _module_preset=\u00a0\u00bbdefault\u00a0\u00bb hover_enabled=\u00a0\u00bb0&Prime; global_colors_info=\u00a0\u00bb{}\u00a0\u00bb alt=\u00a0\u00bbCadeaux-Bijoux-Acier-Inoxydable-JewelsHouse\u00a0\u00bb title_text=\u00a0\u00bbCadeaux-Bijoux-Acier-Inoxydable-JewelsHouse\u00a0\u00bb sticky_enabled=\u00a0\u00bb0&Prime;][\/et_pb_image][\/et_pb_column][et_pb_column type=\u00a0\u00bb3_5&Prime; _builder_version=\u00a0\u00bb4.27.5&Prime; _module_preset=\u00a0\u00bbdefault\u00a0\u00bb global_colors_info=\u00a0\u00bb{}\u00a0\u00bb][et_pb_text _builder_version=\u00a0\u00bb4.27.5&Prime; _module_preset=\u00a0\u00bbdefault\u00a0\u00bb hover_enabled=\u00a0\u00bb0&Prime; global_colors_info=\u00a0\u00bb{}\u00a0\u00bb sticky_enabled=\u00a0\u00bb0&Prime;]<p class=\"isSelectedEnd\"><span>\ud83c\udf81 <\/span><strong><span>Collier C\u0153ur \u00c9l\u00e9gance \u2014 Id\u00e9e Cadeau Parfaite<\/span><\/strong><\/p>\n<p class=\"isSelectedEnd\"><span>Offrez une touche de douceur et de raffinement avec ce magnifique collier c\u0153ur, pr\u00e9sent\u00e9 dans son \u00e9l\u00e9gant paquet cadeau. D\u00e9licat et intemporel, il sublime toutes les tenues, du quotidien aux occasions sp\u00e9ciales.<\/span><\/p>\n<p class=\"isSelectedEnd\"><span>\u2728 <\/span><strong><span>Pourquoi vous allez l\u2019adorer :<\/span><\/strong><\/p>\n<ul data-spread=\"false\">\n<li><span>Design fin et f\u00e9minin<\/span><\/li>\n<li><span>Pendentif c\u0153ur lumineux et tendance<\/span><\/li>\n<li><span>Cha\u00eene confortable et l\u00e9g\u00e8re<\/span><\/li>\n<li>Acier inoxydable<span> : ne noircit pas, r\u00e9siste \u00e0 l\u2019eau et ne provoque pas d\u2019allergies<\/span><\/li>\n<\/ul>\n<p class=\"isSelectedEnd\"><span>\ud83d\udc9d <\/span><strong><span>Une id\u00e9e cadeau id\u00e9ale<\/span><\/strong><span> pour un anniversaire, la f\u00eate des m\u00e8res, la Saint-Valentin ou simplement pour faire plaisir.<\/span><\/p>\n<p><span>\u2728 Pr\u00eat \u00e0 offrir, il fera sensation d\u00e8s l\u2019ouverture du paquet\u00a0<\/span><\/p>[\/et_pb_text][\/et_pb_column][\/et_pb_row][\/et_pb_section]\n","protected":false},"excerpt":{"rendered":"<p>ID\u00c9ES CADEAUX\ud83c\udf81 Collier C\u0153ur \u00c9l\u00e9gance \u2014 Id\u00e9e Cadeau Parfaite Offrez une touche de douceur et de raffinement avec ce magnifique collier c\u0153ur, pr\u00e9sent\u00e9 dans son \u00e9l\u00e9gant paquet cadeau. D\u00e9licat et intemporel, il sublime toutes les tenues, du quotidien aux occasions sp\u00e9ciales. \u2728 Pourquoi vous allez l\u2019adorer : Design fin et f\u00e9minin Pendentif c\u0153ur lumineux et [&hellip;]<\/p>\n","protected":false},"author":1,"featured_media":0,"parent":0,"menu_order":0,"comment_status":"closed","ping_status":"closed","template":"","meta":{"_et_pb_use_builder":"on","_et_pb_old_content":"","_et_gb_content_width":"","footnotes":""},"class_list":["post-241","page","type-page","status-publish","hentry"],"yoast_head":"<!-- This site is optimized with the Yoast SEO plugin v26.9 - https:\/\/yoast.com\/product\/yoast-seo-wordpress\/ -->\n<title>Id\u00e9es cadeaux - Jewelshouse<\/title>\n<meta name=\"robots\" content=\"index, follow, max-snippet:-1, max-image-preview:large, max-video-preview:-1\" \/>\n<link rel=\"canonical\" href=\"https:\/\/jewelshouse.fr\/?page_id=241\" \/>\n<meta property=\"og:locale\" content=\"fr_FR\" \/>\n<meta property=\"og:type\" content=\"article\" \/>\n<meta property=\"og:title\" content=\"Id\u00e9es cadeaux - Jewelshouse\" \/>\n<meta property=\"og:description\" content=\"ID\u00c9ES CADEAUX\ud83c\udf81 Collier C\u0153ur \u00c9l\u00e9gance \u2014 Id\u00e9e Cadeau Parfaite Offrez une touche de douceur et de raffinement avec ce magnifique collier c\u0153ur, pr\u00e9sent\u00e9 dans son \u00e9l\u00e9gant paquet cadeau. D\u00e9licat et intemporel, il sublime toutes les tenues, du quotidien aux occasions sp\u00e9ciales. \u2728 Pourquoi vous allez l\u2019adorer : Design fin et f\u00e9minin Pendentif c\u0153ur lumineux et [&hellip;]\" \/>\n<meta property=\"og:url\" content=\"https:\/\/jewelshouse.fr\/?page_id=241\" \/>\n<meta property=\"og:site_name\" content=\"Jewelshouse\" \/>\n<meta property=\"article:modified_time\" content=\"2026-03-23T14:40:04+00:00\" \/>\n<meta name=\"twitter:card\" content=\"summary_large_image\" \/>\n<meta name=\"twitter:label1\" content=\"Dur\u00e9e de lecture estim\u00e9e\" \/>\n\t<meta name=\"twitter:data1\" content=\"1 minute\" \/>\n<script type=\"application\/ld+json\" class=\"yoast-schema-graph\">{\"@context\":\"https:\/\/schema.org\",\"@graph\":[{\"@type\":\"WebPage\",\"@id\":\"https:\/\/jewelshouse.fr\/?page_id=241\",\"url\":\"https:\/\/jewelshouse.fr\/?page_id=241\",\"name\":\"Id\u00e9es cadeaux - Jewelshouse\",\"isPartOf\":{\"@id\":\"https:\/\/jewelshouse.fr\/#website\"},\"datePublished\":\"2026-03-09T14:54:33+00:00\",\"dateModified\":\"2026-03-23T14:40:04+00:00\",\"breadcrumb\":{\"@id\":\"https:\/\/jewelshouse.fr\/?page_id=241#breadcrumb\"},\"inLanguage\":\"fr-FR\",\"potentialAction\":[{\"@type\":\"ReadAction\",\"target\":[\"https:\/\/jewelshouse.fr\/?page_id=241\"]}]},{\"@type\":\"BreadcrumbList\",\"@id\":\"https:\/\/jewelshouse.fr\/?page_id=241#breadcrumb\",\"itemListElement\":[{\"@type\":\"ListItem\",\"position\":1,\"name\":\"Accueil\",\"item\":\"https:\/\/jewelshouse.fr\/\"},{\"@type\":\"ListItem\",\"position\":2,\"name\":\"Id\u00e9es cadeaux\"}]},{\"@type\":\"WebSite\",\"@id\":\"https:\/\/jewelshouse.fr\/#website\",\"url\":\"https:\/\/jewelshouse.fr\/\",\"name\":\"Jewelshouse\",\"description\":\"\",\"potentialAction\":[{\"@type\":\"SearchAction\",\"target\":{\"@type\":\"EntryPoint\",\"urlTemplate\":\"https:\/\/jewelshouse.fr\/?s={search_term_string}\"},\"query-input\":{\"@type\":\"PropertyValueSpecification\",\"valueRequired\":true,\"valueName\":\"search_term_string\"}}],\"inLanguage\":\"fr-FR\"}]}<\/script>\n<!-- \/ Yoast SEO plugin. -->","yoast_head_json":{"title":"Id\u00e9es cadeaux - Jewelshouse","robots":{"index":"index","follow":"follow","max-snippet":"max-snippet:-1","max-image-preview":"max-image-preview:large","max-video-preview":"max-video-preview:-1"},"canonical":"https:\/\/jewelshouse.fr\/?page_id=241","og_locale":"fr_FR","og_type":"article","og_title":"Id\u00e9es cadeaux - Jewelshouse","og_description":"ID\u00c9ES CADEAUX\ud83c\udf81 Collier C\u0153ur \u00c9l\u00e9gance \u2014 Id\u00e9e Cadeau Parfaite Offrez une touche de douceur et de raffinement avec ce magnifique collier c\u0153ur, pr\u00e9sent\u00e9 dans son \u00e9l\u00e9gant paquet cadeau. D\u00e9licat et intemporel, il sublime toutes les tenues, du quotidien aux occasions sp\u00e9ciales. \u2728 Pourquoi vous allez l\u2019adorer : Design fin et f\u00e9minin Pendentif c\u0153ur lumineux et [&hellip;]","og_url":"https:\/\/jewelshouse.fr\/?page_id=241","og_site_name":"Jewelshouse","article_modified_time":"2026-03-23T14:40:04+00:00","twitter_card":"summary_large_image","twitter_misc":{"Dur\u00e9e de lecture estim\u00e9e":"1 minute"},"schema":{"@context":"https:\/\/schema.org","@graph":[{"@type":"WebPage","@id":"https:\/\/jewelshouse.fr\/?page_id=241","url":"https:\/\/jewelshouse.fr\/?page_id=241","name":"Id\u00e9es cadeaux - Jewelshouse","isPartOf":{"@id":"https:\/\/jewelshouse.fr\/#website"},"datePublished":"2026-03-09T14:54:33+00:00","dateModified":"2026-03-23T14:40:04+00:00","breadcrumb":{"@id":"https:\/\/jewelshouse.fr\/?page_id=241#breadcrumb"},"inLanguage":"fr-FR","potentialAction":[{"@type":"ReadAction","target":["https:\/\/jewelshouse.fr\/?page_id=241"]}]},{"@type":"BreadcrumbList","@id":"https:\/\/jewelshouse.fr\/?page_id=241#breadcrumb","itemListElement":[{"@type":"ListItem","position":1,"name":"Accueil","item":"https:\/\/jewelshouse.fr\/"},{"@type":"ListItem","position":2,"name":"Id\u00e9es cadeaux"}]},{"@type":"WebSite","@id":"https:\/\/jewelshouse.fr\/#website","url":"https:\/\/jewelshouse.fr\/","name":"Jewelshouse","description":"","potentialAction":[{"@type":"SearchAction","target":{"@type":"EntryPoint","urlTemplate":"https:\/\/jewelshouse.fr\/?s={search_term_string}"},"query-input":{"@type":"PropertyValueSpecification","valueRequired":true,"valueName":"search_term_string"}}],"inLanguage":"fr-FR"}]}},"_links":{"self":[{"href":"https:\/\/jewelshouse.fr\/index.php?rest_route=\/wp\/v2\/pages\/241","targetHints":{"allow":["GET"]}}],"collection":[{"href":"https:\/\/jewelshouse.fr\/index.php?rest_route=\/wp\/v2\/pages"}],"about":[{"href":"https:\/\/jewelshouse.fr\/index.php?rest_route=\/wp\/v2\/types\/page"}],"author":[{"embeddable":true,"href":"https:\/\/jewelshouse.fr\/index.php?rest_route=\/wp\/v2\/users\/1"}],"replies":[{"embeddable":true,"href":"https:\/\/jewelshouse.fr\/index.php?rest_route=%2Fwp%2Fv2%2Fcomments&post=241"}],"version-history":[{"count":5,"href":"https:\/\/jewelshouse.fr\/index.php?rest_route=\/wp\/v2\/pages\/241\/revisions"}],"predecessor-version":[{"id":417,"href":"https:\/\/jewelshouse.fr\/index.php?rest_route=\/wp\/v2\/pages\/241\/revisions\/417"}],"wp:attachment":[{"href":"https:\/\/jewelshouse.fr\/index.php?rest_route=%2Fwp%2Fv2%2Fmedia&parent=241"}],"curies":[{"name":"wp","href":"https:\/\/api.w.org\/{rel}","templated":true}]}}