{"id":234,"date":"2026-03-09T14:50:13","date_gmt":"2026-03-09T14:50:13","guid":{"rendered":"https:\/\/jewelshouse.fr\/?page_id=234"},"modified":"2026-03-23T14:18:52","modified_gmt":"2026-03-23T14:18:52","slug":"best-sellers","status":"publish","type":"page","link":"https:\/\/jewelshouse.fr\/?page_id=234","title":{"rendered":"Best Sellers"},"content":{"rendered":"<p>[et_pb_section fb_built=\u00a0\u00bb1&Prime; _builder_version=\u00a0\u00bb4.27.5&Prime; _module_preset=\u00a0\u00bbdefault\u00a0\u00bb global_colors_info=\u00a0\u00bb{}\u00a0\u00bb][et_pb_row _builder_version=\u00a0\u00bb4.27.5&Prime; _module_preset=\u00a0\u00bbdefault\u00a0\u00bb][et_pb_column _builder_version=\u00a0\u00bb4.27.5&Prime; _module_preset=\u00a0\u00bbdefault\u00a0\u00bb type=\u00a0\u00bb4_4&Prime;][et_pb_text _builder_version=\u00a0\u00bb4.27.5&Prime; _module_preset=\u00a0\u00bbdefault\u00a0\u00bb hover_enabled=\u00a0\u00bb0&Prime; sticky_enabled=\u00a0\u00bb0&Prime; custom_margin=\u00a0\u00bb||-67px|||\u00a0\u00bb]<\/p>\n<h1><strong>Best-Sellers<\/strong><\/h1>\n<p>&nbsp;<\/p>\n<p>[\/et_pb_text][\/et_pb_column][\/et_pb_row][et_pb_row column_structure=\u00a0\u00bb2_5,3_5&Prime; _builder_version=\u00a0\u00bb4.27.5&Prime; _module_preset=\u00a0\u00bbdefault\u00a0\u00bb global_colors_info=\u00a0\u00bb{}\u00a0\u00bb][et_pb_column type=\u00a0\u00bb2_5&Prime; _builder_version=\u00a0\u00bb4.27.5&Prime; _module_preset=\u00a0\u00bbdefault\u00a0\u00bb global_colors_info=\u00a0\u00bb{}\u00a0\u00bb][et_pb_image src=\u00a0\u00bbhttps:\/\/jewelshouse.fr\/wp-content\/uploads\/2026\/03\/IMG_2411.jpg\u00a0\u00bb _builder_version=\u00a0\u00bb4.27.5&Prime; _module_preset=\u00a0\u00bbdefault\u00a0\u00bb hover_enabled=\u00a0\u00bb0&Prime; global_colors_info=\u00a0\u00bb{}\u00a0\u00bb alt=\u00a0\u00bbBijoux-Acier-Inoxydable-JewelsHouse\u00a0\u00bb title_text=\u00a0\u00bbBijoux-Acier-Inoxydable-JewelsHouse\u00a0\u00bb sticky_enabled=\u00a0\u00bb0&Prime;][\/et_pb_image][\/et_pb_column][et_pb_column type=\u00a0\u00bb3_5&Prime; _builder_version=\u00a0\u00bb4.27.5&Prime; _module_preset=\u00a0\u00bbdefault\u00a0\u00bb global_colors_info=\u00a0\u00bb{}\u00a0\u00bb][et_pb_text _builder_version=\u00a0\u00bb4.27.5&Prime; _module_preset=\u00a0\u00bbdefault\u00a0\u00bb global_colors_info=\u00a0\u00bb{}\u00a0\u00bb]<\/p>\n<p data-start=\"53\" data-end=\"281\">Apportez une touche solaire et tendance \u00e0 votre look avec ces bijoux <strong data-start=\"122\" data-end=\"138\">Summer Vibes<\/strong> en acier inoxydable dor\u00e9 et perles d\u00e9licates. Inspir\u00e9s par l\u2019\u00e9t\u00e9, la mer et la lumi\u00e8re, ils subliment vos tenues avec \u00e9l\u00e9gance et modernit\u00e9.<\/p>\n<p data-start=\"283\" data-end=\"300\"><strong data-start=\"283\" data-end=\"298\">\u2728 D\u00e9tails :<\/strong><\/p>\n<ul data-start=\"301\" data-end=\"484\">\n<li data-section-id=\"ihluq6\" data-start=\"301\" data-end=\"342\">Acier inoxydable dor\u00e9 \u2014 ne ternit pas<\/li>\n<li data-section-id=\"12m0pqf\" data-start=\"343\" data-end=\"383\">R\u00e9sistant \u00e0 l\u2019eau &amp; hypoallerg\u00e9nique<\/li>\n<li data-section-id=\"z0bzck\" data-start=\"384\" data-end=\"408\">Perles effet naturel<\/li>\n<li data-section-id=\"l2231\" data-start=\"409\" data-end=\"440\">Style boh\u00e8me chic &amp; estival<\/li>\n<li data-section-id=\"1xwdbou\" data-start=\"441\" data-end=\"484\">Id\u00e9al pour le quotidien ou les vacances<\/li>\n<\/ul>\n<p data-start=\"486\" data-end=\"535\" data-is-last-node=\"\" data-is-only-node=\"\">Un must-have lumineux pour briller tout l\u2019\u00e9t\u00e9 \ud83c\udf0a\u2728<\/p>\n<p>[\/et_pb_text][\/et_pb_column][\/et_pb_row][\/et_pb_section]<\/p>\n","protected":false},"excerpt":{"rendered":"<p>Best-Sellers &nbsp;Apportez une touche solaire et tendance \u00e0 votre look avec ces bijoux Summer Vibes en acier inoxydable dor\u00e9 et perles d\u00e9licates. Inspir\u00e9s par l\u2019\u00e9t\u00e9, la mer et la lumi\u00e8re, ils subliment vos tenues avec \u00e9l\u00e9gance et modernit\u00e9. \u2728 D\u00e9tails : Acier inoxydable dor\u00e9 \u2014 ne ternit pas R\u00e9sistant \u00e0 l\u2019eau &amp; hypoallerg\u00e9nique Perles effet [&hellip;]<\/p>\n","protected":false},"author":1,"featured_media":0,"parent":0,"menu_order":0,"comment_status":"closed","ping_status":"closed","template":"","meta":{"_et_pb_use_builder":"on","_et_pb_old_content":"","_et_gb_content_width":"","footnotes":""},"class_list":["post-234","page","type-page","status-publish","hentry"],"yoast_head":"<!-- This site is optimized with the Yoast SEO plugin v26.9 - https:\/\/yoast.com\/product\/yoast-seo-wordpress\/ -->\n<title>Best Sellers - Jewelshouse<\/title>\n<meta name=\"robots\" content=\"index, follow, max-snippet:-1, max-image-preview:large, max-video-preview:-1\" \/>\n<link rel=\"canonical\" href=\"https:\/\/jewelshouse.fr\/?page_id=234\" \/>\n<meta property=\"og:locale\" content=\"fr_FR\" \/>\n<meta property=\"og:type\" content=\"article\" \/>\n<meta property=\"og:title\" content=\"Best Sellers - Jewelshouse\" \/>\n<meta property=\"og:description\" content=\"Best-Sellers &nbsp;Apportez une touche solaire et tendance \u00e0 votre look avec ces bijoux Summer Vibes en acier inoxydable dor\u00e9 et perles d\u00e9licates. Inspir\u00e9s par l\u2019\u00e9t\u00e9, la mer et la lumi\u00e8re, ils subliment vos tenues avec \u00e9l\u00e9gance et modernit\u00e9. \u2728 D\u00e9tails : Acier inoxydable dor\u00e9 \u2014 ne ternit pas R\u00e9sistant \u00e0 l\u2019eau &amp; hypoallerg\u00e9nique Perles effet [&hellip;]\" \/>\n<meta property=\"og:url\" content=\"https:\/\/jewelshouse.fr\/?page_id=234\" \/>\n<meta property=\"og:site_name\" content=\"Jewelshouse\" \/>\n<meta property=\"article:modified_time\" content=\"2026-03-23T14:18:52+00:00\" \/>\n<meta name=\"twitter:card\" content=\"summary_large_image\" \/>\n<script type=\"application\/ld+json\" class=\"yoast-schema-graph\">{\"@context\":\"https:\/\/schema.org\",\"@graph\":[{\"@type\":\"WebPage\",\"@id\":\"https:\/\/jewelshouse.fr\/?page_id=234\",\"url\":\"https:\/\/jewelshouse.fr\/?page_id=234\",\"name\":\"Best Sellers - Jewelshouse\",\"isPartOf\":{\"@id\":\"https:\/\/jewelshouse.fr\/#website\"},\"datePublished\":\"2026-03-09T14:50:13+00:00\",\"dateModified\":\"2026-03-23T14:18:52+00:00\",\"breadcrumb\":{\"@id\":\"https:\/\/jewelshouse.fr\/?page_id=234#breadcrumb\"},\"inLanguage\":\"fr-FR\",\"potentialAction\":[{\"@type\":\"ReadAction\",\"target\":[\"https:\/\/jewelshouse.fr\/?page_id=234\"]}]},{\"@type\":\"BreadcrumbList\",\"@id\":\"https:\/\/jewelshouse.fr\/?page_id=234#breadcrumb\",\"itemListElement\":[{\"@type\":\"ListItem\",\"position\":1,\"name\":\"Accueil\",\"item\":\"https:\/\/jewelshouse.fr\/\"},{\"@type\":\"ListItem\",\"position\":2,\"name\":\"Best Sellers\"}]},{\"@type\":\"WebSite\",\"@id\":\"https:\/\/jewelshouse.fr\/#website\",\"url\":\"https:\/\/jewelshouse.fr\/\",\"name\":\"Jewelshouse\",\"description\":\"\",\"potentialAction\":[{\"@type\":\"SearchAction\",\"target\":{\"@type\":\"EntryPoint\",\"urlTemplate\":\"https:\/\/jewelshouse.fr\/?s={search_term_string}\"},\"query-input\":{\"@type\":\"PropertyValueSpecification\",\"valueRequired\":true,\"valueName\":\"search_term_string\"}}],\"inLanguage\":\"fr-FR\"}]}<\/script>\n<!-- \/ Yoast SEO plugin. -->","yoast_head_json":{"title":"Best Sellers - Jewelshouse","robots":{"index":"index","follow":"follow","max-snippet":"max-snippet:-1","max-image-preview":"max-image-preview:large","max-video-preview":"max-video-preview:-1"},"canonical":"https:\/\/jewelshouse.fr\/?page_id=234","og_locale":"fr_FR","og_type":"article","og_title":"Best Sellers - Jewelshouse","og_description":"Best-Sellers &nbsp;Apportez une touche solaire et tendance \u00e0 votre look avec ces bijoux Summer Vibes en acier inoxydable dor\u00e9 et perles d\u00e9licates. Inspir\u00e9s par l\u2019\u00e9t\u00e9, la mer et la lumi\u00e8re, ils subliment vos tenues avec \u00e9l\u00e9gance et modernit\u00e9. \u2728 D\u00e9tails : Acier inoxydable dor\u00e9 \u2014 ne ternit pas R\u00e9sistant \u00e0 l\u2019eau &amp; hypoallerg\u00e9nique Perles effet [&hellip;]","og_url":"https:\/\/jewelshouse.fr\/?page_id=234","og_site_name":"Jewelshouse","article_modified_time":"2026-03-23T14:18:52+00:00","twitter_card":"summary_large_image","schema":{"@context":"https:\/\/schema.org","@graph":[{"@type":"WebPage","@id":"https:\/\/jewelshouse.fr\/?page_id=234","url":"https:\/\/jewelshouse.fr\/?page_id=234","name":"Best Sellers - Jewelshouse","isPartOf":{"@id":"https:\/\/jewelshouse.fr\/#website"},"datePublished":"2026-03-09T14:50:13+00:00","dateModified":"2026-03-23T14:18:52+00:00","breadcrumb":{"@id":"https:\/\/jewelshouse.fr\/?page_id=234#breadcrumb"},"inLanguage":"fr-FR","potentialAction":[{"@type":"ReadAction","target":["https:\/\/jewelshouse.fr\/?page_id=234"]}]},{"@type":"BreadcrumbList","@id":"https:\/\/jewelshouse.fr\/?page_id=234#breadcrumb","itemListElement":[{"@type":"ListItem","position":1,"name":"Accueil","item":"https:\/\/jewelshouse.fr\/"},{"@type":"ListItem","position":2,"name":"Best Sellers"}]},{"@type":"WebSite","@id":"https:\/\/jewelshouse.fr\/#website","url":"https:\/\/jewelshouse.fr\/","name":"Jewelshouse","description":"","potentialAction":[{"@type":"SearchAction","target":{"@type":"EntryPoint","urlTemplate":"https:\/\/jewelshouse.fr\/?s={search_term_string}"},"query-input":{"@type":"PropertyValueSpecification","valueRequired":true,"valueName":"search_term_string"}}],"inLanguage":"fr-FR"}]}},"_links":{"self":[{"href":"https:\/\/jewelshouse.fr\/index.php?rest_route=\/wp\/v2\/pages\/234","targetHints":{"allow":["GET"]}}],"collection":[{"href":"https:\/\/jewelshouse.fr\/index.php?rest_route=\/wp\/v2\/pages"}],"about":[{"href":"https:\/\/jewelshouse.fr\/index.php?rest_route=\/wp\/v2\/types\/page"}],"author":[{"embeddable":true,"href":"https:\/\/jewelshouse.fr\/index.php?rest_route=\/wp\/v2\/users\/1"}],"replies":[{"embeddable":true,"href":"https:\/\/jewelshouse.fr\/index.php?rest_route=%2Fwp%2Fv2%2Fcomments&post=234"}],"version-history":[{"count":3,"href":"https:\/\/jewelshouse.fr\/index.php?rest_route=\/wp\/v2\/pages\/234\/revisions"}],"predecessor-version":[{"id":407,"href":"https:\/\/jewelshouse.fr\/index.php?rest_route=\/wp\/v2\/pages\/234\/revisions\/407"}],"wp:attachment":[{"href":"https:\/\/jewelshouse.fr\/index.php?rest_route=%2Fwp%2Fv2%2Fmedia&parent=234"}],"curies":[{"name":"wp","href":"https:\/\/api.w.org\/{rel}","templated":true}]}}