{"id":227,"date":"2026-03-09T14:45:16","date_gmt":"2026-03-09T14:45:16","guid":{"rendered":"https:\/\/jewelshouse.fr\/?page_id=227"},"modified":"2026-03-15T22:15:24","modified_gmt":"2026-03-15T22:15:24","slug":"nouveautes","status":"publish","type":"page","link":"https:\/\/jewelshouse.fr\/?page_id=227","title":{"rendered":"Nouveaut\u00e9s"},"content":{"rendered":"<p>[et_pb_section fb_built=\u00a0\u00bb1&Prime; theme_builder_area=\u00a0\u00bbpost_content\u00a0\u00bb _builder_version=\u00a0\u00bb4.27.5&Prime; _module_preset=\u00a0\u00bbdefault\u00a0\u00bb custom_margin=\u00a0\u00bb||-58px|||\u00a0\u00bb][et_pb_row _builder_version=\u00a0\u00bb4.27.5&Prime; _module_preset=\u00a0\u00bbdefault\u00a0\u00bb theme_builder_area=\u00a0\u00bbpost_content\u00a0\u00bb][et_pb_column _builder_version=\u00a0\u00bb4.27.5&Prime; _module_preset=\u00a0\u00bbdefault\u00a0\u00bb type=\u00a0\u00bb4_4&Prime; theme_builder_area=\u00a0\u00bbpost_content\u00a0\u00bb][et_pb_text _builder_version=\u00a0\u00bb4.27.5&Prime; _module_preset=\u00a0\u00bbdefault\u00a0\u00bb theme_builder_area=\u00a0\u00bbpost_content\u00a0\u00bb text_font=\u00a0\u00bb|800|||||||\u00a0\u00bb text_font_size=\u00a0\u00bb35px\u00a0\u00bb text_text_shadow_style=\u00a0\u00bbpreset1&Prime; text_orientation=\u00a0\u00bbcenter\u00a0\u00bb hover_enabled=\u00a0\u00bb0&Prime; sticky_enabled=\u00a0\u00bb0&Prime;]<\/p>\n<p>BRACELETS<\/p>\n<p>[\/et_pb_text][\/et_pb_column][\/et_pb_row][\/et_pb_section][et_pb_section fb_built=\u00a0\u00bb1&Prime; _builder_version=\u00a0\u00bb4.27.5&Prime; _module_preset=\u00a0\u00bbdefault\u00a0\u00bb global_colors_info=\u00a0\u00bb{}\u00a0\u00bb][et_pb_row column_structure=\u00a0\u00bb2_5,3_5&Prime; _builder_version=\u00a0\u00bb4.27.5&Prime; _module_preset=\u00a0\u00bbdefault\u00a0\u00bb global_colors_info=\u00a0\u00bb{}\u00a0\u00bb][et_pb_column type=\u00a0\u00bb2_5&Prime; _builder_version=\u00a0\u00bb4.27.5&Prime; _module_preset=\u00a0\u00bbdefault\u00a0\u00bb global_colors_info=\u00a0\u00bb{}\u00a0\u00bb][et_pb_text _builder_version=\u00a0\u00bb4.27.5&Prime; _module_preset=\u00a0\u00bbdefault\u00a0\u00bb text_font=\u00a0\u00bb|800|||||||\u00a0\u00bb text_font_size=\u00a0\u00bb25px\u00a0\u00bb global_colors_info=\u00a0\u00bb{}\u00a0\u00bb]<\/p>\n<p>Bracelet \u00c9lia<\/p>\n<p>[\/et_pb_text][et_pb_image src=\u00a0\u00bbhttps:\/\/jewelshouse.fr\/wp-content\/uploads\/2026\/03\/IMG_2180.jpg\u00a0\u00bb title_text=\u00a0\u00bbIMG_2180&Prime; _builder_version=\u00a0\u00bb4.27.5&Prime; _module_preset=\u00a0\u00bbdefault\u00a0\u00bb global_colors_info=\u00a0\u00bb{}\u00a0\u00bb][\/et_pb_image][\/et_pb_column][et_pb_column type=\u00a0\u00bb3_5&Prime; _builder_version=\u00a0\u00bb4.27.5&Prime; _module_preset=\u00a0\u00bbdefault\u00a0\u00bb global_colors_info=\u00a0\u00bb{}\u00a0\u00bb][et_pb_text _builder_version=\u00a0\u00bb4.27.5&Prime; _module_preset=\u00a0\u00bbdefault\u00a0\u00bb global_colors_info=\u00a0\u00bb{}\u00a0\u00bb]<\/p>\n<p data-start=\"19\" data-end=\"181\">\n<p data-start=\"19\" data-end=\"181\">\n<p data-start=\"19\" data-end=\"181\">\n<p data-start=\"19\" data-end=\"181\">\n<p data-start=\"19\" data-end=\"181\">Bracelet fin et \u00e9l\u00e9gant en acier inoxydable dor\u00e9, orn\u00e9 de motifs ovales modernes. L\u00e9ger et intemporel, il se porte facilement au quotidien ou en accumulation.<\/p>\n<p data-start=\"183\" data-end=\"198\"><strong data-start=\"183\" data-end=\"196\">D\u00e9tails :<\/strong><\/p>\n<ul data-start=\"199\" data-end=\"295\" data-is-last-node=\"\" data-is-only-node=\"\">\n<li data-section-id=\"1ffib2r\" data-start=\"199\" data-end=\"219\">\n<p data-start=\"201\" data-end=\"219\">Acier inoxydable<\/p>\n<\/li>\n<li data-section-id=\"1dftifl\" data-start=\"220\" data-end=\"241\">\n<p data-start=\"222\" data-end=\"241\">R\u00e9sistant \u00e0 l\u2019eau<\/p>\n<\/li>\n<li data-section-id=\"1aff10l\" data-start=\"242\" data-end=\"260\">\n<p data-start=\"244\" data-end=\"260\">Ne noircit pas<\/p>\n<\/li>\n<li data-section-id=\"19ni4p9\" data-start=\"261\" data-end=\"295\" data-is-last-node=\"\">\n<p data-start=\"263\" data-end=\"295\" data-is-last-node=\"\">Fermoir avec cha\u00eene d\u2019ajustement<\/p>\n<\/li>\n<\/ul>\n<p>[\/et_pb_text][\/et_pb_column][\/et_pb_row][\/et_pb_section]<\/p>\n","protected":false},"excerpt":{"rendered":"<p>BRACELETSBracelet \u00c9lia Bracelet fin et \u00e9l\u00e9gant en acier inoxydable dor\u00e9, orn\u00e9 de motifs ovales modernes. L\u00e9ger et intemporel, il se porte facilement au quotidien ou en accumulation. D\u00e9tails : Acier inoxydable R\u00e9sistant \u00e0 l\u2019eau Ne noircit pas Fermoir avec cha\u00eene d\u2019ajustement<\/p>\n","protected":false},"author":1,"featured_media":0,"parent":0,"menu_order":0,"comment_status":"closed","ping_status":"closed","template":"","meta":{"_et_pb_use_builder":"on","_et_pb_old_content":"","_et_gb_content_width":"","footnotes":""},"class_list":["post-227","page","type-page","status-publish","hentry"],"yoast_head":"<!-- This site is optimized with the Yoast SEO plugin v26.9 - https:\/\/yoast.com\/product\/yoast-seo-wordpress\/ -->\n<title>Nouveaut\u00e9s - Jewelshouse<\/title>\n<meta name=\"robots\" content=\"index, follow, max-snippet:-1, max-image-preview:large, max-video-preview:-1\" \/>\n<link rel=\"canonical\" href=\"https:\/\/jewelshouse.fr\/?page_id=227\" \/>\n<meta property=\"og:locale\" content=\"fr_FR\" \/>\n<meta property=\"og:type\" content=\"article\" \/>\n<meta property=\"og:title\" content=\"Nouveaut\u00e9s - Jewelshouse\" \/>\n<meta property=\"og:description\" content=\"BRACELETSBracelet \u00c9lia Bracelet fin et \u00e9l\u00e9gant en acier inoxydable dor\u00e9, orn\u00e9 de motifs ovales modernes. L\u00e9ger et intemporel, il se porte facilement au quotidien ou en accumulation. D\u00e9tails : Acier inoxydable R\u00e9sistant \u00e0 l\u2019eau Ne noircit pas Fermoir avec cha\u00eene d\u2019ajustement\" \/>\n<meta property=\"og:url\" content=\"https:\/\/jewelshouse.fr\/?page_id=227\" \/>\n<meta property=\"og:site_name\" content=\"Jewelshouse\" \/>\n<meta property=\"article:modified_time\" content=\"2026-03-15T22:15:24+00:00\" \/>\n<meta name=\"twitter:card\" content=\"summary_large_image\" \/>\n<script type=\"application\/ld+json\" class=\"yoast-schema-graph\">{\"@context\":\"https:\/\/schema.org\",\"@graph\":[{\"@type\":\"WebPage\",\"@id\":\"https:\/\/jewelshouse.fr\/?page_id=227\",\"url\":\"https:\/\/jewelshouse.fr\/?page_id=227\",\"name\":\"Nouveaut\u00e9s - Jewelshouse\",\"isPartOf\":{\"@id\":\"https:\/\/jewelshouse.fr\/#website\"},\"datePublished\":\"2026-03-09T14:45:16+00:00\",\"dateModified\":\"2026-03-15T22:15:24+00:00\",\"breadcrumb\":{\"@id\":\"https:\/\/jewelshouse.fr\/?page_id=227#breadcrumb\"},\"inLanguage\":\"fr-FR\",\"potentialAction\":[{\"@type\":\"ReadAction\",\"target\":[\"https:\/\/jewelshouse.fr\/?page_id=227\"]}]},{\"@type\":\"BreadcrumbList\",\"@id\":\"https:\/\/jewelshouse.fr\/?page_id=227#breadcrumb\",\"itemListElement\":[{\"@type\":\"ListItem\",\"position\":1,\"name\":\"Accueil\",\"item\":\"https:\/\/jewelshouse.fr\/\"},{\"@type\":\"ListItem\",\"position\":2,\"name\":\"Nouveaut\u00e9s\"}]},{\"@type\":\"WebSite\",\"@id\":\"https:\/\/jewelshouse.fr\/#website\",\"url\":\"https:\/\/jewelshouse.fr\/\",\"name\":\"Jewelshouse\",\"description\":\"\",\"potentialAction\":[{\"@type\":\"SearchAction\",\"target\":{\"@type\":\"EntryPoint\",\"urlTemplate\":\"https:\/\/jewelshouse.fr\/?s={search_term_string}\"},\"query-input\":{\"@type\":\"PropertyValueSpecification\",\"valueRequired\":true,\"valueName\":\"search_term_string\"}}],\"inLanguage\":\"fr-FR\"}]}<\/script>\n<!-- \/ Yoast SEO plugin. -->","yoast_head_json":{"title":"Nouveaut\u00e9s - Jewelshouse","robots":{"index":"index","follow":"follow","max-snippet":"max-snippet:-1","max-image-preview":"max-image-preview:large","max-video-preview":"max-video-preview:-1"},"canonical":"https:\/\/jewelshouse.fr\/?page_id=227","og_locale":"fr_FR","og_type":"article","og_title":"Nouveaut\u00e9s - Jewelshouse","og_description":"BRACELETSBracelet \u00c9lia Bracelet fin et \u00e9l\u00e9gant en acier inoxydable dor\u00e9, orn\u00e9 de motifs ovales modernes. L\u00e9ger et intemporel, il se porte facilement au quotidien ou en accumulation. D\u00e9tails : Acier inoxydable R\u00e9sistant \u00e0 l\u2019eau Ne noircit pas Fermoir avec cha\u00eene d\u2019ajustement","og_url":"https:\/\/jewelshouse.fr\/?page_id=227","og_site_name":"Jewelshouse","article_modified_time":"2026-03-15T22:15:24+00:00","twitter_card":"summary_large_image","schema":{"@context":"https:\/\/schema.org","@graph":[{"@type":"WebPage","@id":"https:\/\/jewelshouse.fr\/?page_id=227","url":"https:\/\/jewelshouse.fr\/?page_id=227","name":"Nouveaut\u00e9s - Jewelshouse","isPartOf":{"@id":"https:\/\/jewelshouse.fr\/#website"},"datePublished":"2026-03-09T14:45:16+00:00","dateModified":"2026-03-15T22:15:24+00:00","breadcrumb":{"@id":"https:\/\/jewelshouse.fr\/?page_id=227#breadcrumb"},"inLanguage":"fr-FR","potentialAction":[{"@type":"ReadAction","target":["https:\/\/jewelshouse.fr\/?page_id=227"]}]},{"@type":"BreadcrumbList","@id":"https:\/\/jewelshouse.fr\/?page_id=227#breadcrumb","itemListElement":[{"@type":"ListItem","position":1,"name":"Accueil","item":"https:\/\/jewelshouse.fr\/"},{"@type":"ListItem","position":2,"name":"Nouveaut\u00e9s"}]},{"@type":"WebSite","@id":"https:\/\/jewelshouse.fr\/#website","url":"https:\/\/jewelshouse.fr\/","name":"Jewelshouse","description":"","potentialAction":[{"@type":"SearchAction","target":{"@type":"EntryPoint","urlTemplate":"https:\/\/jewelshouse.fr\/?s={search_term_string}"},"query-input":{"@type":"PropertyValueSpecification","valueRequired":true,"valueName":"search_term_string"}}],"inLanguage":"fr-FR"}]}},"_links":{"self":[{"href":"https:\/\/jewelshouse.fr\/index.php?rest_route=\/wp\/v2\/pages\/227","targetHints":{"allow":["GET"]}}],"collection":[{"href":"https:\/\/jewelshouse.fr\/index.php?rest_route=\/wp\/v2\/pages"}],"about":[{"href":"https:\/\/jewelshouse.fr\/index.php?rest_route=\/wp\/v2\/types\/page"}],"author":[{"embeddable":true,"href":"https:\/\/jewelshouse.fr\/index.php?rest_route=\/wp\/v2\/users\/1"}],"replies":[{"embeddable":true,"href":"https:\/\/jewelshouse.fr\/index.php?rest_route=%2Fwp%2Fv2%2Fcomments&post=227"}],"version-history":[{"count":5,"href":"https:\/\/jewelshouse.fr\/index.php?rest_route=\/wp\/v2\/pages\/227\/revisions"}],"predecessor-version":[{"id":257,"href":"https:\/\/jewelshouse.fr\/index.php?rest_route=\/wp\/v2\/pages\/227\/revisions\/257"}],"wp:attachment":[{"href":"https:\/\/jewelshouse.fr\/index.php?rest_route=%2Fwp%2Fv2%2Fmedia&parent=227"}],"curies":[{"name":"wp","href":"https:\/\/api.w.org\/{rel}","templated":true}]}}