{"id":193,"date":"2026-03-09T13:37:54","date_gmt":"2026-03-09T13:37:54","guid":{"rendered":"https:\/\/jewelshouse.fr\/?page_id=193"},"modified":"2026-03-23T08:12:46","modified_gmt":"2026-03-23T08:12:46","slug":"colliers","status":"publish","type":"page","link":"https:\/\/jewelshouse.fr\/?page_id=193","title":{"rendered":"Colliers"},"content":{"rendered":"<p>[et_pb_section fb_built=\u00a0\u00bb1&Prime; _builder_version=\u00a0\u00bb4.27.5&Prime; _module_preset=\u00a0\u00bbdefault\u00a0\u00bb global_colors_info=\u00a0\u00bb{}\u00a0\u00bb][et_pb_row column_structure=\u00a0\u00bb2_5,3_5&Prime; _builder_version=\u00a0\u00bb4.27.5&Prime; _module_preset=\u00a0\u00bbdefault\u00a0\u00bb global_colors_info=\u00a0\u00bb{}\u00a0\u00bb][et_pb_column type=\u00a0\u00bb2_5&Prime; _builder_version=\u00a0\u00bb4.27.5&Prime; _module_preset=\u00a0\u00bbdefault\u00a0\u00bb global_colors_info=\u00a0\u00bb{}\u00a0\u00bb][et_pb_text _builder_version=\u00a0\u00bb4.27.5&Prime; _module_preset=\u00a0\u00bbdefault\u00a0\u00bb text_font=\u00a0\u00bb|800|||||||\u00a0\u00bb text_font_size=\u00a0\u00bb25px\u00a0\u00bb global_colors_info=\u00a0\u00bb{}\u00a0\u00bb]<\/p>\n<p>Collier \u00c9lina<\/p>\n<p>[\/et_pb_text][et_pb_image src=\u00a0\u00bbhttps:\/\/jewelshouse.fr\/wp-content\/uploads\/2026\/03\/IMG_2176.jpg\u00a0\u00bb title_text=\u00a0\u00bbIMG_2176&Prime; _builder_version=\u00a0\u00bb4.27.5&Prime; _module_preset=\u00a0\u00bbdefault\u00a0\u00bb global_colors_info=\u00a0\u00bb{}\u00a0\u00bb][\/et_pb_image][\/et_pb_column][et_pb_column type=\u00a0\u00bb3_5&Prime; _builder_version=\u00a0\u00bb4.27.5&Prime; _module_preset=\u00a0\u00bbdefault\u00a0\u00bb global_colors_info=\u00a0\u00bb{}\u00a0\u00bb][et_pb_text _builder_version=\u00a0\u00bb4.27.5&Prime; _module_preset=\u00a0\u00bbdefault\u00a0\u00bb global_colors_info=\u00a0\u00bb{}\u00a0\u00bb]<\/p>\n<p class=\"isSelectedEnd\"><span>D\u00e9licat et lumineux, le collier <\/span>\u00c9lina sublime le d\u00e9collet\u00e9 avec \u00e9l\u00e9gance. Sa fine cha\u00eene dor\u00e9e est orn\u00e9e de petites \u00e9toiles scintillantes qui captent la lumi\u00e8re et apportent une touche c\u00e9leste et raffin\u00e9e. Son pendentif central descendant cr\u00e9e un effet cascade subtil et f\u00e9minin.<\/p>\n<p class=\"isSelectedEnd\">Con\u00e7u en acier inoxydable, ce collier est durable, r\u00e9sistant \u00e0 l\u2019usure et confortable \u00e0 porter au quotidien. L\u00e9ger et \u00e9l\u00e9gant, il compl\u00e8te aussi bien une tenue simple qu\u2019un look plus habill\u00e9.<\/p>\n<p class=\"isSelectedEnd\"><span>\u2728 <\/span><strong><span>Caract\u00e9ristiques :<\/span><\/strong><\/p>\n<ul data-spread=\"false\">\n<li>\n<p class=\"isSelectedEnd\"><span>Mati\u00e8re : Acier inoxydable<\/span><\/p>\n<\/li>\n<li>\n<p class=\"isSelectedEnd\"><span><\/span><span style=\"font-size: 14px;\">D\u00e9tails : \u00c9toiles orn\u00e9es de zircons scintillants<\/span><\/p>\n<\/li>\n<li>\n<p class=\"isSelectedEnd\"><span>Style : Fin, \u00e9l\u00e9gant et f\u00e9minin<\/span><\/p>\n<\/li>\n<li>\n<p class=\"isSelectedEnd\"><span>Fermoir : Mousqueton avec cha\u00eene d\u2019ajustement<\/span><\/p>\n<\/li>\n<li>\n<p class=\"isSelectedEnd\"><span>R\u00e9sistant \u00e0 l\u2019oxydation et \u00e0 l\u2019eau<\/span><\/p>\n<\/li>\n<\/ul>\n<p>Le collier \u00c9lina est la pi\u00e8ce id\u00e9ale pour illuminer votre tenue et apporter une touche de finesse et de po\u00e9sie \u00e0 votre style.<\/p>\n<p>[\/et_pb_text][\/et_pb_column][\/et_pb_row][\/et_pb_section]<\/p>\n","protected":false},"excerpt":{"rendered":"<p>Collier \u00c9linaD\u00e9licat et lumineux, le collier \u00c9lina sublime le d\u00e9collet\u00e9 avec \u00e9l\u00e9gance. Sa fine cha\u00eene dor\u00e9e est orn\u00e9e de petites \u00e9toiles scintillantes qui captent la lumi\u00e8re et apportent une touche c\u00e9leste et raffin\u00e9e. Son pendentif central descendant cr\u00e9e un effet cascade subtil et f\u00e9minin. Con\u00e7u en acier inoxydable, ce collier est durable, r\u00e9sistant \u00e0 l\u2019usure [&hellip;]<\/p>\n","protected":false},"author":1,"featured_media":0,"parent":0,"menu_order":0,"comment_status":"closed","ping_status":"closed","template":"","meta":{"_et_pb_use_builder":"on","_et_pb_old_content":"","_et_gb_content_width":"","footnotes":""},"class_list":["post-193","page","type-page","status-publish","hentry"],"yoast_head":"<!-- This site is optimized with the Yoast SEO plugin v26.9 - https:\/\/yoast.com\/product\/yoast-seo-wordpress\/ -->\n<title>Colliers - Jewelshouse<\/title>\n<meta name=\"robots\" content=\"index, follow, max-snippet:-1, max-image-preview:large, max-video-preview:-1\" \/>\n<link rel=\"canonical\" href=\"https:\/\/jewelshouse.fr\/?page_id=193\" \/>\n<meta property=\"og:locale\" content=\"fr_FR\" \/>\n<meta property=\"og:type\" content=\"article\" \/>\n<meta property=\"og:title\" content=\"Colliers - Jewelshouse\" \/>\n<meta property=\"og:description\" content=\"Collier \u00c9linaD\u00e9licat et lumineux, le collier \u00c9lina sublime le d\u00e9collet\u00e9 avec \u00e9l\u00e9gance. Sa fine cha\u00eene dor\u00e9e est orn\u00e9e de petites \u00e9toiles scintillantes qui captent la lumi\u00e8re et apportent une touche c\u00e9leste et raffin\u00e9e. Son pendentif central descendant cr\u00e9e un effet cascade subtil et f\u00e9minin. Con\u00e7u en acier inoxydable, ce collier est durable, r\u00e9sistant \u00e0 l\u2019usure [&hellip;]\" \/>\n<meta property=\"og:url\" content=\"https:\/\/jewelshouse.fr\/?page_id=193\" \/>\n<meta property=\"og:site_name\" content=\"Jewelshouse\" \/>\n<meta property=\"article:modified_time\" content=\"2026-03-23T08:12:46+00:00\" \/>\n<meta name=\"twitter:card\" content=\"summary_large_image\" \/>\n<script type=\"application\/ld+json\" class=\"yoast-schema-graph\">{\"@context\":\"https:\/\/schema.org\",\"@graph\":[{\"@type\":\"WebPage\",\"@id\":\"https:\/\/jewelshouse.fr\/?page_id=193\",\"url\":\"https:\/\/jewelshouse.fr\/?page_id=193\",\"name\":\"Colliers - Jewelshouse\",\"isPartOf\":{\"@id\":\"https:\/\/jewelshouse.fr\/#website\"},\"datePublished\":\"2026-03-09T13:37:54+00:00\",\"dateModified\":\"2026-03-23T08:12:46+00:00\",\"breadcrumb\":{\"@id\":\"https:\/\/jewelshouse.fr\/?page_id=193#breadcrumb\"},\"inLanguage\":\"fr-FR\",\"potentialAction\":[{\"@type\":\"ReadAction\",\"target\":[\"https:\/\/jewelshouse.fr\/?page_id=193\"]}]},{\"@type\":\"BreadcrumbList\",\"@id\":\"https:\/\/jewelshouse.fr\/?page_id=193#breadcrumb\",\"itemListElement\":[{\"@type\":\"ListItem\",\"position\":1,\"name\":\"Accueil\",\"item\":\"https:\/\/jewelshouse.fr\/\"},{\"@type\":\"ListItem\",\"position\":2,\"name\":\"Colliers\"}]},{\"@type\":\"WebSite\",\"@id\":\"https:\/\/jewelshouse.fr\/#website\",\"url\":\"https:\/\/jewelshouse.fr\/\",\"name\":\"Jewelshouse\",\"description\":\"\",\"potentialAction\":[{\"@type\":\"SearchAction\",\"target\":{\"@type\":\"EntryPoint\",\"urlTemplate\":\"https:\/\/jewelshouse.fr\/?s={search_term_string}\"},\"query-input\":{\"@type\":\"PropertyValueSpecification\",\"valueRequired\":true,\"valueName\":\"search_term_string\"}}],\"inLanguage\":\"fr-FR\"}]}<\/script>\n<!-- \/ Yoast SEO plugin. -->","yoast_head_json":{"title":"Colliers - Jewelshouse","robots":{"index":"index","follow":"follow","max-snippet":"max-snippet:-1","max-image-preview":"max-image-preview:large","max-video-preview":"max-video-preview:-1"},"canonical":"https:\/\/jewelshouse.fr\/?page_id=193","og_locale":"fr_FR","og_type":"article","og_title":"Colliers - Jewelshouse","og_description":"Collier \u00c9linaD\u00e9licat et lumineux, le collier \u00c9lina sublime le d\u00e9collet\u00e9 avec \u00e9l\u00e9gance. Sa fine cha\u00eene dor\u00e9e est orn\u00e9e de petites \u00e9toiles scintillantes qui captent la lumi\u00e8re et apportent une touche c\u00e9leste et raffin\u00e9e. Son pendentif central descendant cr\u00e9e un effet cascade subtil et f\u00e9minin. Con\u00e7u en acier inoxydable, ce collier est durable, r\u00e9sistant \u00e0 l\u2019usure [&hellip;]","og_url":"https:\/\/jewelshouse.fr\/?page_id=193","og_site_name":"Jewelshouse","article_modified_time":"2026-03-23T08:12:46+00:00","twitter_card":"summary_large_image","schema":{"@context":"https:\/\/schema.org","@graph":[{"@type":"WebPage","@id":"https:\/\/jewelshouse.fr\/?page_id=193","url":"https:\/\/jewelshouse.fr\/?page_id=193","name":"Colliers - Jewelshouse","isPartOf":{"@id":"https:\/\/jewelshouse.fr\/#website"},"datePublished":"2026-03-09T13:37:54+00:00","dateModified":"2026-03-23T08:12:46+00:00","breadcrumb":{"@id":"https:\/\/jewelshouse.fr\/?page_id=193#breadcrumb"},"inLanguage":"fr-FR","potentialAction":[{"@type":"ReadAction","target":["https:\/\/jewelshouse.fr\/?page_id=193"]}]},{"@type":"BreadcrumbList","@id":"https:\/\/jewelshouse.fr\/?page_id=193#breadcrumb","itemListElement":[{"@type":"ListItem","position":1,"name":"Accueil","item":"https:\/\/jewelshouse.fr\/"},{"@type":"ListItem","position":2,"name":"Colliers"}]},{"@type":"WebSite","@id":"https:\/\/jewelshouse.fr\/#website","url":"https:\/\/jewelshouse.fr\/","name":"Jewelshouse","description":"","potentialAction":[{"@type":"SearchAction","target":{"@type":"EntryPoint","urlTemplate":"https:\/\/jewelshouse.fr\/?s={search_term_string}"},"query-input":{"@type":"PropertyValueSpecification","valueRequired":true,"valueName":"search_term_string"}}],"inLanguage":"fr-FR"}]}},"_links":{"self":[{"href":"https:\/\/jewelshouse.fr\/index.php?rest_route=\/wp\/v2\/pages\/193","targetHints":{"allow":["GET"]}}],"collection":[{"href":"https:\/\/jewelshouse.fr\/index.php?rest_route=\/wp\/v2\/pages"}],"about":[{"href":"https:\/\/jewelshouse.fr\/index.php?rest_route=\/wp\/v2\/types\/page"}],"author":[{"embeddable":true,"href":"https:\/\/jewelshouse.fr\/index.php?rest_route=\/wp\/v2\/users\/1"}],"replies":[{"embeddable":true,"href":"https:\/\/jewelshouse.fr\/index.php?rest_route=%2Fwp%2Fv2%2Fcomments&post=193"}],"version-history":[{"count":3,"href":"https:\/\/jewelshouse.fr\/index.php?rest_route=\/wp\/v2\/pages\/193\/revisions"}],"predecessor-version":[{"id":216,"href":"https:\/\/jewelshouse.fr\/index.php?rest_route=\/wp\/v2\/pages\/193\/revisions\/216"}],"wp:attachment":[{"href":"https:\/\/jewelshouse.fr\/index.php?rest_route=%2Fwp%2Fv2%2Fmedia&parent=193"}],"curies":[{"name":"wp","href":"https:\/\/api.w.org\/{rel}","templated":true}]}}