{"id":188,"date":"2026-03-09T13:33:39","date_gmt":"2026-03-09T13:33:39","guid":{"rendered":"https:\/\/jewelshouse.fr\/?page_id=188"},"modified":"2026-03-09T14:05:08","modified_gmt":"2026-03-09T14:05:08","slug":"boucles-doreilles","status":"publish","type":"page","link":"https:\/\/jewelshouse.fr\/?page_id=188","title":{"rendered":"Boucles d&rsquo;Oreilles"},"content":{"rendered":"<p>[et_pb_section fb_built=\u00a0\u00bb1&Prime; _builder_version=\u00a0\u00bb4.27.5&Prime; _module_preset=\u00a0\u00bbdefault\u00a0\u00bb custom_padding=\u00a0\u00bb0px|||||\u00a0\u00bb global_colors_info=\u00a0\u00bb{}\u00a0\u00bb][et_pb_row column_structure=\u00a0\u00bb2_5,3_5&Prime; _builder_version=\u00a0\u00bb4.27.5&Prime; _module_preset=\u00a0\u00bbdefault\u00a0\u00bb global_colors_info=\u00a0\u00bb{}\u00a0\u00bb custom_padding=\u00a0\u00bb59px|||||\u00a0\u00bb][et_pb_column type=\u00a0\u00bb2_5&Prime; _builder_version=\u00a0\u00bb4.27.5&Prime; _module_preset=\u00a0\u00bbdefault\u00a0\u00bb global_colors_info=\u00a0\u00bb{}\u00a0\u00bb][et_pb_text _builder_version=\u00a0\u00bb4.27.5&Prime; _module_preset=\u00a0\u00bbdefault\u00a0\u00bb text_font=\u00a0\u00bb|800|||||||\u00a0\u00bb text_font_size=\u00a0\u00bb25px\u00a0\u00bb global_colors_info=\u00a0\u00bb{}\u00a0\u00bb]<\/p>\n<p>Boucles d&rsquo;Oreilles Clara<\/p>\n<p>[\/et_pb_text][et_pb_image src=\u00a0\u00bbhttps:\/\/jewelshouse.fr\/wp-content\/uploads\/2026\/03\/IMG_2175.jpg\u00a0\u00bb title_text=\u00a0\u00bbIMG_2175&Prime; _builder_version=\u00a0\u00bb4.27.5&Prime; _module_preset=\u00a0\u00bbdefault\u00a0\u00bb global_colors_info=\u00a0\u00bb{}\u00a0\u00bb][\/et_pb_image][\/et_pb_column][et_pb_column type=\u00a0\u00bb3_5&Prime; _builder_version=\u00a0\u00bb4.27.5&Prime; _module_preset=\u00a0\u00bbdefault\u00a0\u00bb global_colors_info=\u00a0\u00bb{}\u00a0\u00bb][et_pb_text _builder_version=\u00a0\u00bb4.27.5&Prime; _module_preset=\u00a0\u00bbdefault\u00a0\u00bb global_colors_info=\u00a0\u00bb{}\u00a0\u00bb]<\/p>\n<p class=\"isSelectedEnd\">D\u00e9licates et lumineuses, les boucles d\u2019oreilles Clara apportent une touche d\u2019\u00e9l\u00e9gance subtile \u00e0 votre style. Leur design en anneaux dor\u00e9s est d\u00e9licatement orn\u00e9 de petits zircons scintillants qui captent la lumi\u00e8re et illuminent le visage.<\/p>\n<p class=\"isSelectedEnd\">Con\u00e7ues en acier inoxydable, elles sont r\u00e9sistantes, durables et agr\u00e9ables \u00e0 porter au quotidien. Leur fermoir discret et s\u00e9curis\u00e9 assure un maintien parfait tout en restant facile \u00e0 mettre.<\/p>\n<p class=\"isSelectedEnd\"><span>\u2728 <\/span><strong><span>Caract\u00e9ristiques :<\/span><\/strong><\/p>\n<ul data-spread=\"false\">\n<li>\n<p class=\"isSelectedEnd\"><span>Mati\u00e8re : Acier inoxydable<\/span><span style=\"font-size: 14px;\">Pierres : Zircons brillants<\/span><\/p>\n<\/li>\n<li>\n<p class=\"isSelectedEnd\"><span>Type : Petits anneaux (cr\u00e9oles)<\/span><\/p>\n<\/li>\n<li>\n<p class=\"isSelectedEnd\"><span>Fermoir : Clip s\u00e9curis\u00e9<\/span><\/p>\n<\/li>\n<li>\n<p class=\"isSelectedEnd\"><span>R\u00e9sistantes \u00e0 l\u2019usure et \u00e0 l\u2019oxydation<\/span><\/p>\n<\/li>\n<\/ul>\n<p>Les boucles d\u2019oreilles Clara sont id\u00e9ales pour ajouter une touche chic et raffin\u00e9e \u00e0 vos tenues, du quotidien aux occasions sp\u00e9ciales.<\/p>\n<p>[\/et_pb_text][\/et_pb_column][\/et_pb_row][\/et_pb_section]<\/p>\n","protected":false},"excerpt":{"rendered":"<p>Boucles d&rsquo;Oreilles ClaraD\u00e9licates et lumineuses, les boucles d\u2019oreilles Clara apportent une touche d\u2019\u00e9l\u00e9gance subtile \u00e0 votre style. Leur design en anneaux dor\u00e9s est d\u00e9licatement orn\u00e9 de petits zircons scintillants qui captent la lumi\u00e8re et illuminent le visage. Con\u00e7ues en acier inoxydable, elles sont r\u00e9sistantes, durables et agr\u00e9ables \u00e0 porter au quotidien. Leur fermoir discret et [&hellip;]<\/p>\n","protected":false},"author":1,"featured_media":0,"parent":0,"menu_order":0,"comment_status":"closed","ping_status":"closed","template":"","meta":{"_et_pb_use_builder":"on","_et_pb_old_content":"","_et_gb_content_width":"","footnotes":""},"class_list":["post-188","page","type-page","status-publish","hentry"],"yoast_head":"<!-- This site is optimized with the Yoast SEO plugin v26.9 - https:\/\/yoast.com\/product\/yoast-seo-wordpress\/ -->\n<title>Boucles d&#039;Oreilles - Jewelshouse<\/title>\n<meta name=\"robots\" content=\"index, follow, max-snippet:-1, max-image-preview:large, max-video-preview:-1\" \/>\n<link rel=\"canonical\" href=\"https:\/\/jewelshouse.fr\/?page_id=188\" \/>\n<meta property=\"og:locale\" content=\"fr_FR\" \/>\n<meta property=\"og:type\" content=\"article\" \/>\n<meta property=\"og:title\" content=\"Boucles d&#039;Oreilles - Jewelshouse\" \/>\n<meta property=\"og:description\" content=\"Boucles d&#039;Oreilles ClaraD\u00e9licates et lumineuses, les boucles d\u2019oreilles Clara apportent une touche d\u2019\u00e9l\u00e9gance subtile \u00e0 votre style. Leur design en anneaux dor\u00e9s est d\u00e9licatement orn\u00e9 de petits zircons scintillants qui captent la lumi\u00e8re et illuminent le visage. Con\u00e7ues en acier inoxydable, elles sont r\u00e9sistantes, durables et agr\u00e9ables \u00e0 porter au quotidien. Leur fermoir discret et [&hellip;]\" \/>\n<meta property=\"og:url\" content=\"https:\/\/jewelshouse.fr\/?page_id=188\" \/>\n<meta property=\"og:site_name\" content=\"Jewelshouse\" \/>\n<meta property=\"article:modified_time\" content=\"2026-03-09T14:05:08+00:00\" \/>\n<meta name=\"twitter:card\" content=\"summary_large_image\" \/>\n<script type=\"application\/ld+json\" class=\"yoast-schema-graph\">{\"@context\":\"https:\/\/schema.org\",\"@graph\":[{\"@type\":\"WebPage\",\"@id\":\"https:\/\/jewelshouse.fr\/?page_id=188\",\"url\":\"https:\/\/jewelshouse.fr\/?page_id=188\",\"name\":\"Boucles d'Oreilles - Jewelshouse\",\"isPartOf\":{\"@id\":\"https:\/\/jewelshouse.fr\/#website\"},\"datePublished\":\"2026-03-09T13:33:39+00:00\",\"dateModified\":\"2026-03-09T14:05:08+00:00\",\"breadcrumb\":{\"@id\":\"https:\/\/jewelshouse.fr\/?page_id=188#breadcrumb\"},\"inLanguage\":\"fr-FR\",\"potentialAction\":[{\"@type\":\"ReadAction\",\"target\":[\"https:\/\/jewelshouse.fr\/?page_id=188\"]}]},{\"@type\":\"BreadcrumbList\",\"@id\":\"https:\/\/jewelshouse.fr\/?page_id=188#breadcrumb\",\"itemListElement\":[{\"@type\":\"ListItem\",\"position\":1,\"name\":\"Accueil\",\"item\":\"https:\/\/jewelshouse.fr\/\"},{\"@type\":\"ListItem\",\"position\":2,\"name\":\"Boucles d&rsquo;Oreilles\"}]},{\"@type\":\"WebSite\",\"@id\":\"https:\/\/jewelshouse.fr\/#website\",\"url\":\"https:\/\/jewelshouse.fr\/\",\"name\":\"Jewelshouse\",\"description\":\"\",\"potentialAction\":[{\"@type\":\"SearchAction\",\"target\":{\"@type\":\"EntryPoint\",\"urlTemplate\":\"https:\/\/jewelshouse.fr\/?s={search_term_string}\"},\"query-input\":{\"@type\":\"PropertyValueSpecification\",\"valueRequired\":true,\"valueName\":\"search_term_string\"}}],\"inLanguage\":\"fr-FR\"}]}<\/script>\n<!-- \/ Yoast SEO plugin. -->","yoast_head_json":{"title":"Boucles d'Oreilles - Jewelshouse","robots":{"index":"index","follow":"follow","max-snippet":"max-snippet:-1","max-image-preview":"max-image-preview:large","max-video-preview":"max-video-preview:-1"},"canonical":"https:\/\/jewelshouse.fr\/?page_id=188","og_locale":"fr_FR","og_type":"article","og_title":"Boucles d'Oreilles - Jewelshouse","og_description":"Boucles d'Oreilles ClaraD\u00e9licates et lumineuses, les boucles d\u2019oreilles Clara apportent une touche d\u2019\u00e9l\u00e9gance subtile \u00e0 votre style. Leur design en anneaux dor\u00e9s est d\u00e9licatement orn\u00e9 de petits zircons scintillants qui captent la lumi\u00e8re et illuminent le visage. Con\u00e7ues en acier inoxydable, elles sont r\u00e9sistantes, durables et agr\u00e9ables \u00e0 porter au quotidien. Leur fermoir discret et [&hellip;]","og_url":"https:\/\/jewelshouse.fr\/?page_id=188","og_site_name":"Jewelshouse","article_modified_time":"2026-03-09T14:05:08+00:00","twitter_card":"summary_large_image","schema":{"@context":"https:\/\/schema.org","@graph":[{"@type":"WebPage","@id":"https:\/\/jewelshouse.fr\/?page_id=188","url":"https:\/\/jewelshouse.fr\/?page_id=188","name":"Boucles d'Oreilles - Jewelshouse","isPartOf":{"@id":"https:\/\/jewelshouse.fr\/#website"},"datePublished":"2026-03-09T13:33:39+00:00","dateModified":"2026-03-09T14:05:08+00:00","breadcrumb":{"@id":"https:\/\/jewelshouse.fr\/?page_id=188#breadcrumb"},"inLanguage":"fr-FR","potentialAction":[{"@type":"ReadAction","target":["https:\/\/jewelshouse.fr\/?page_id=188"]}]},{"@type":"BreadcrumbList","@id":"https:\/\/jewelshouse.fr\/?page_id=188#breadcrumb","itemListElement":[{"@type":"ListItem","position":1,"name":"Accueil","item":"https:\/\/jewelshouse.fr\/"},{"@type":"ListItem","position":2,"name":"Boucles d&rsquo;Oreilles"}]},{"@type":"WebSite","@id":"https:\/\/jewelshouse.fr\/#website","url":"https:\/\/jewelshouse.fr\/","name":"Jewelshouse","description":"","potentialAction":[{"@type":"SearchAction","target":{"@type":"EntryPoint","urlTemplate":"https:\/\/jewelshouse.fr\/?s={search_term_string}"},"query-input":{"@type":"PropertyValueSpecification","valueRequired":true,"valueName":"search_term_string"}}],"inLanguage":"fr-FR"}]}},"_links":{"self":[{"href":"https:\/\/jewelshouse.fr\/index.php?rest_route=\/wp\/v2\/pages\/188","targetHints":{"allow":["GET"]}}],"collection":[{"href":"https:\/\/jewelshouse.fr\/index.php?rest_route=\/wp\/v2\/pages"}],"about":[{"href":"https:\/\/jewelshouse.fr\/index.php?rest_route=\/wp\/v2\/types\/page"}],"author":[{"embeddable":true,"href":"https:\/\/jewelshouse.fr\/index.php?rest_route=\/wp\/v2\/users\/1"}],"replies":[{"embeddable":true,"href":"https:\/\/jewelshouse.fr\/index.php?rest_route=%2Fwp%2Fv2%2Fcomments&post=188"}],"version-history":[{"count":3,"href":"https:\/\/jewelshouse.fr\/index.php?rest_route=\/wp\/v2\/pages\/188\/revisions"}],"predecessor-version":[{"id":214,"href":"https:\/\/jewelshouse.fr\/index.php?rest_route=\/wp\/v2\/pages\/188\/revisions\/214"}],"wp:attachment":[{"href":"https:\/\/jewelshouse.fr\/index.php?rest_route=%2Fwp%2Fv2%2Fmedia&parent=188"}],"curies":[{"name":"wp","href":"https:\/\/api.w.org\/{rel}","templated":true}]}}