{"id":179,"date":"2026-03-09T13:15:32","date_gmt":"2026-03-09T13:15:32","guid":{"rendered":"https:\/\/jewelshouse.fr\/?page_id=179"},"modified":"2026-03-22T20:41:32","modified_gmt":"2026-03-22T20:41:32","slug":"bracelets","status":"publish","type":"page","link":"https:\/\/jewelshouse.fr\/?page_id=179","title":{"rendered":"Bracelets &amp; Joncs"},"content":{"rendered":"<p>[et_pb_section fb_built=\u00a0\u00bb1&Prime; _builder_version=\u00a0\u00bb4.27.5&Prime; _module_preset=\u00a0\u00bbdefault\u00a0\u00bb width=\u00a0\u00bb100%\u00a0\u00bb custom_padding=\u00a0\u00bb||101px|12px||\u00a0\u00bb global_colors_info=\u00a0\u00bb{}\u00a0\u00bb][et_pb_row column_structure=\u00a0\u00bb2_5,3_5&Prime; _builder_version=\u00a0\u00bb4.27.5&Prime; _module_preset=\u00a0\u00bbdefault\u00a0\u00bb custom_padding=\u00a0\u00bb0px|||||\u00a0\u00bb global_colors_info=\u00a0\u00bb{}\u00a0\u00bb][et_pb_column type=\u00a0\u00bb2_5&Prime; _builder_version=\u00a0\u00bb4.27.5&Prime; _module_preset=\u00a0\u00bbdefault\u00a0\u00bb global_colors_info=\u00a0\u00bb{}\u00a0\u00bb][et_pb_text _builder_version=\u00a0\u00bb4.27.5&Prime; _module_preset=\u00a0\u00bbdefault\u00a0\u00bb text_font=\u00a0\u00bb|800|||||||\u00a0\u00bb text_font_size=\u00a0\u00bb25px\u00a0\u00bb hover_enabled=\u00a0\u00bb0&Prime; global_colors_info=\u00a0\u00bb{}\u00a0\u00bb sticky_enabled=\u00a0\u00bb0&Prime;]<\/p>\n<p>Jonc Lina<\/p>\n<p>[\/et_pb_text][et_pb_image src=\u00a0\u00bbhttps:\/\/jewelshouse.fr\/wp-content\/uploads\/2026\/03\/IMG_2174.jpg\u00a0\u00bb title_text=\u00a0\u00bbIMG_2174&Prime; _builder_version=\u00a0\u00bb4.27.5&Prime; _module_preset=\u00a0\u00bbdefault\u00a0\u00bb global_colors_info=\u00a0\u00bb{}\u00a0\u00bb][\/et_pb_image][\/et_pb_column][et_pb_column type=\u00a0\u00bb3_5&Prime; _builder_version=\u00a0\u00bb4.27.5&Prime; _module_preset=\u00a0\u00bbdefault\u00a0\u00bb global_colors_info=\u00a0\u00bb{}\u00a0\u00bb][et_pb_text _builder_version=\u00a0\u00bb4.27.5&Prime; _module_preset=\u00a0\u00bbdefault\u00a0\u00bb hover_enabled=\u00a0\u00bb0&Prime; global_colors_info=\u00a0\u00bb{}\u00a0\u00bb sticky_enabled=\u00a0\u00bb0&Prime;]<\/p>\n<p class=\"isSelectedEnd\"><span>\u00c9l\u00e9gant et moderne, le jonc <\/span><strong><span>Lina<\/span><\/strong><span> s\u00e9duit par son design minimaliste et sa finition brillante effet miroir. Sa forme l\u00e9g\u00e8rement ondul\u00e9e apporte une touche artistique et sophistiqu\u00e9e qui habille le poignet avec subtilit\u00e9.<\/span><\/p>\n<p class=\"isSelectedEnd\"><span>Con\u00e7u en <\/span>acier inoxydable, il est \u00e0 la fois r\u00e9sistant, durable et confortable \u00e0 porter au quotidien. Gr\u00e2ce \u00e0 sa forme ajustable<span>, il s\u2019adapte facilement \u00e0 diff\u00e9rentes tailles de poignet pour un maintien parfait.<\/span><\/p>\n<p class=\"isSelectedEnd\"><span>\u2728 <\/span><strong><span>Caract\u00e9ristiques :<\/span><\/strong><\/p>\n<ul data-spread=\"false\">\n<li>\n<p class=\"isSelectedEnd\"><span>Mati\u00e8re : Acier inoxydable<\/span><\/p>\n<\/li>\n<li>\n<p class=\"isSelectedEnd\"><span><\/span><span style=\"font-size: 14px;\">Bracelet ajustable<\/span><\/p>\n<\/li>\n<li>\n<p class=\"isSelectedEnd\"><span>Style : Minimaliste, moderne et \u00e9l\u00e9gant<\/span><\/p>\n<\/li>\n<li>\n<p class=\"isSelectedEnd\"><span>R\u00e9sistant \u00e0 l\u2019usure et \u00e0 l\u2019oxydation<\/span><\/p>\n<\/li>\n<\/ul>\n<p><span>Le bracelet <\/span>Lina<span> est la pi\u00e8ce id\u00e9ale pour sublimer une tenue du quotidien ou apporter une touche chic \u00e0 un look plus habill\u00e9.<\/span><\/p>\n<p>[\/et_pb_text][\/et_pb_column][\/et_pb_row][\/et_pb_section]<\/p>\n","protected":false},"excerpt":{"rendered":"<p>Jonc Lina\u00c9l\u00e9gant et moderne, le jonc Lina s\u00e9duit par son design minimaliste et sa finition brillante effet miroir. Sa forme l\u00e9g\u00e8rement ondul\u00e9e apporte une touche artistique et sophistiqu\u00e9e qui habille le poignet avec subtilit\u00e9. Con\u00e7u en acier inoxydable, il est \u00e0 la fois r\u00e9sistant, durable et confortable \u00e0 porter au quotidien. Gr\u00e2ce \u00e0 sa forme [&hellip;]<\/p>\n","protected":false},"author":1,"featured_media":0,"parent":0,"menu_order":0,"comment_status":"closed","ping_status":"closed","template":"","meta":{"_et_pb_use_builder":"on","_et_pb_old_content":"","_et_gb_content_width":"","footnotes":""},"class_list":["post-179","page","type-page","status-publish","hentry"],"yoast_head":"<!-- This site is optimized with the Yoast SEO plugin v26.9 - https:\/\/yoast.com\/product\/yoast-seo-wordpress\/ -->\n<title>Bracelets &amp; Joncs - Jewelshouse<\/title>\n<meta name=\"robots\" content=\"index, follow, max-snippet:-1, max-image-preview:large, max-video-preview:-1\" \/>\n<link rel=\"canonical\" href=\"https:\/\/jewelshouse.fr\/?page_id=179\" \/>\n<meta property=\"og:locale\" content=\"fr_FR\" \/>\n<meta property=\"og:type\" content=\"article\" \/>\n<meta property=\"og:title\" content=\"Bracelets &amp; Joncs - Jewelshouse\" \/>\n<meta property=\"og:description\" content=\"Jonc Lina\u00c9l\u00e9gant et moderne, le jonc Lina s\u00e9duit par son design minimaliste et sa finition brillante effet miroir. Sa forme l\u00e9g\u00e8rement ondul\u00e9e apporte une touche artistique et sophistiqu\u00e9e qui habille le poignet avec subtilit\u00e9. Con\u00e7u en acier inoxydable, il est \u00e0 la fois r\u00e9sistant, durable et confortable \u00e0 porter au quotidien. Gr\u00e2ce \u00e0 sa forme [&hellip;]\" \/>\n<meta property=\"og:url\" content=\"https:\/\/jewelshouse.fr\/?page_id=179\" \/>\n<meta property=\"og:site_name\" content=\"Jewelshouse\" \/>\n<meta property=\"article:modified_time\" content=\"2026-03-22T20:41:32+00:00\" \/>\n<meta name=\"twitter:card\" content=\"summary_large_image\" \/>\n<meta name=\"twitter:label1\" content=\"Dur\u00e9e de lecture estim\u00e9e\" \/>\n\t<meta name=\"twitter:data1\" content=\"1 minute\" \/>\n<script type=\"application\/ld+json\" class=\"yoast-schema-graph\">{\"@context\":\"https:\/\/schema.org\",\"@graph\":[{\"@type\":\"WebPage\",\"@id\":\"https:\/\/jewelshouse.fr\/?page_id=179\",\"url\":\"https:\/\/jewelshouse.fr\/?page_id=179\",\"name\":\"Bracelets &amp; Joncs - Jewelshouse\",\"isPartOf\":{\"@id\":\"https:\/\/jewelshouse.fr\/#website\"},\"datePublished\":\"2026-03-09T13:15:32+00:00\",\"dateModified\":\"2026-03-22T20:41:32+00:00\",\"breadcrumb\":{\"@id\":\"https:\/\/jewelshouse.fr\/?page_id=179#breadcrumb\"},\"inLanguage\":\"fr-FR\",\"potentialAction\":[{\"@type\":\"ReadAction\",\"target\":[\"https:\/\/jewelshouse.fr\/?page_id=179\"]}]},{\"@type\":\"BreadcrumbList\",\"@id\":\"https:\/\/jewelshouse.fr\/?page_id=179#breadcrumb\",\"itemListElement\":[{\"@type\":\"ListItem\",\"position\":1,\"name\":\"Accueil\",\"item\":\"https:\/\/jewelshouse.fr\/\"},{\"@type\":\"ListItem\",\"position\":2,\"name\":\"Bracelets &amp; Joncs\"}]},{\"@type\":\"WebSite\",\"@id\":\"https:\/\/jewelshouse.fr\/#website\",\"url\":\"https:\/\/jewelshouse.fr\/\",\"name\":\"Jewelshouse\",\"description\":\"\",\"potentialAction\":[{\"@type\":\"SearchAction\",\"target\":{\"@type\":\"EntryPoint\",\"urlTemplate\":\"https:\/\/jewelshouse.fr\/?s={search_term_string}\"},\"query-input\":{\"@type\":\"PropertyValueSpecification\",\"valueRequired\":true,\"valueName\":\"search_term_string\"}}],\"inLanguage\":\"fr-FR\"}]}<\/script>\n<!-- \/ Yoast SEO plugin. -->","yoast_head_json":{"title":"Bracelets &amp; Joncs - Jewelshouse","robots":{"index":"index","follow":"follow","max-snippet":"max-snippet:-1","max-image-preview":"max-image-preview:large","max-video-preview":"max-video-preview:-1"},"canonical":"https:\/\/jewelshouse.fr\/?page_id=179","og_locale":"fr_FR","og_type":"article","og_title":"Bracelets &amp; Joncs - Jewelshouse","og_description":"Jonc Lina\u00c9l\u00e9gant et moderne, le jonc Lina s\u00e9duit par son design minimaliste et sa finition brillante effet miroir. Sa forme l\u00e9g\u00e8rement ondul\u00e9e apporte une touche artistique et sophistiqu\u00e9e qui habille le poignet avec subtilit\u00e9. Con\u00e7u en acier inoxydable, il est \u00e0 la fois r\u00e9sistant, durable et confortable \u00e0 porter au quotidien. Gr\u00e2ce \u00e0 sa forme [&hellip;]","og_url":"https:\/\/jewelshouse.fr\/?page_id=179","og_site_name":"Jewelshouse","article_modified_time":"2026-03-22T20:41:32+00:00","twitter_card":"summary_large_image","twitter_misc":{"Dur\u00e9e de lecture estim\u00e9e":"1 minute"},"schema":{"@context":"https:\/\/schema.org","@graph":[{"@type":"WebPage","@id":"https:\/\/jewelshouse.fr\/?page_id=179","url":"https:\/\/jewelshouse.fr\/?page_id=179","name":"Bracelets &amp; Joncs - Jewelshouse","isPartOf":{"@id":"https:\/\/jewelshouse.fr\/#website"},"datePublished":"2026-03-09T13:15:32+00:00","dateModified":"2026-03-22T20:41:32+00:00","breadcrumb":{"@id":"https:\/\/jewelshouse.fr\/?page_id=179#breadcrumb"},"inLanguage":"fr-FR","potentialAction":[{"@type":"ReadAction","target":["https:\/\/jewelshouse.fr\/?page_id=179"]}]},{"@type":"BreadcrumbList","@id":"https:\/\/jewelshouse.fr\/?page_id=179#breadcrumb","itemListElement":[{"@type":"ListItem","position":1,"name":"Accueil","item":"https:\/\/jewelshouse.fr\/"},{"@type":"ListItem","position":2,"name":"Bracelets &amp; Joncs"}]},{"@type":"WebSite","@id":"https:\/\/jewelshouse.fr\/#website","url":"https:\/\/jewelshouse.fr\/","name":"Jewelshouse","description":"","potentialAction":[{"@type":"SearchAction","target":{"@type":"EntryPoint","urlTemplate":"https:\/\/jewelshouse.fr\/?s={search_term_string}"},"query-input":{"@type":"PropertyValueSpecification","valueRequired":true,"valueName":"search_term_string"}}],"inLanguage":"fr-FR"}]}},"_links":{"self":[{"href":"https:\/\/jewelshouse.fr\/index.php?rest_route=\/wp\/v2\/pages\/179","targetHints":{"allow":["GET"]}}],"collection":[{"href":"https:\/\/jewelshouse.fr\/index.php?rest_route=\/wp\/v2\/pages"}],"about":[{"href":"https:\/\/jewelshouse.fr\/index.php?rest_route=\/wp\/v2\/types\/page"}],"author":[{"embeddable":true,"href":"https:\/\/jewelshouse.fr\/index.php?rest_route=\/wp\/v2\/users\/1"}],"replies":[{"embeddable":true,"href":"https:\/\/jewelshouse.fr\/index.php?rest_route=%2Fwp%2Fv2%2Fcomments&post=179"}],"version-history":[{"count":6,"href":"https:\/\/jewelshouse.fr\/index.php?rest_route=\/wp\/v2\/pages\/179\/revisions"}],"predecessor-version":[{"id":267,"href":"https:\/\/jewelshouse.fr\/index.php?rest_route=\/wp\/v2\/pages\/179\/revisions\/267"}],"wp:attachment":[{"href":"https:\/\/jewelshouse.fr\/index.php?rest_route=%2Fwp%2Fv2%2Fmedia&parent=179"}],"curies":[{"name":"wp","href":"https:\/\/api.w.org\/{rel}","templated":true}]}}