{"id":134,"date":"2026-03-09T12:21:28","date_gmt":"2026-03-09T12:21:28","guid":{"rendered":"https:\/\/jewelshouse.fr\/?page_id=134"},"modified":"2026-03-09T14:08:16","modified_gmt":"2026-03-09T14:08:16","slug":"bagues","status":"publish","type":"page","link":"https:\/\/jewelshouse.fr\/?page_id=134","title":{"rendered":"Bagues"},"content":{"rendered":"<p>[et_pb_section fb_built=\u00a0\u00bb1&Prime; _builder_version=\u00a0\u00bb4.27.5&Prime; _module_preset=\u00a0\u00bbdefault\u00a0\u00bb custom_padding=\u00a0\u00bb67px|||||\u00a0\u00bb global_colors_info=\u00a0\u00bb{}\u00a0\u00bb][et_pb_row column_structure=\u00a0\u00bb2_5,3_5&Prime; _builder_version=\u00a0\u00bb4.27.5&Prime; _module_preset=\u00a0\u00bbdefault\u00a0\u00bb custom_padding=\u00a0\u00bb0px|||||\u00a0\u00bb global_colors_info=\u00a0\u00bb{}\u00a0\u00bb][et_pb_column type=\u00a0\u00bb2_5&Prime; _builder_version=\u00a0\u00bb4.27.5&Prime; _module_preset=\u00a0\u00bbdefault\u00a0\u00bb global_colors_info=\u00a0\u00bb{}\u00a0\u00bb][et_pb_text _builder_version=\u00a0\u00bb4.27.5&Prime; _module_preset=\u00a0\u00bbdefault\u00a0\u00bb text_font=\u00a0\u00bb|800|||||||\u00a0\u00bb text_font_size=\u00a0\u00bb25px\u00a0\u00bb global_colors_info=\u00a0\u00bb{}\u00a0\u00bb]<\/p>\n<p>Bague Alma<\/p>\n<p>[\/et_pb_text][et_pb_image src=\u00a0\u00bbhttps:\/\/jewelshouse.fr\/wp-content\/uploads\/2026\/03\/IMG_2172-2.jpg\u00a0\u00bb title_text=\u00a0\u00bbIMG_2172 2&Prime; _builder_version=\u00a0\u00bb4.27.5&Prime; _module_preset=\u00a0\u00bbdefault\u00a0\u00bb global_colors_info=\u00a0\u00bb{}\u00a0\u00bb][\/et_pb_image][\/et_pb_column][et_pb_column type=\u00a0\u00bb3_5&Prime; _builder_version=\u00a0\u00bb4.27.5&Prime; _module_preset=\u00a0\u00bbdefault\u00a0\u00bb global_colors_info=\u00a0\u00bb{}\u00a0\u00bb][et_pb_text _builder_version=\u00a0\u00bb4.27.5&Prime; _module_preset=\u00a0\u00bbdefault\u00a0\u00bb global_colors_info=\u00a0\u00bb{}\u00a0\u00bb]<\/p>\n<p class=\"isSelectedEnd\"><span>Cette bague \u00e9l\u00e9gante est con\u00e7ue en acier inoxydable, un mat\u00e9riau r\u00e9sistant et durable qui ne ternit pas avec le temps.<\/span><br \/><span>Gr\u00e2ce \u00e0 son design ajustable, elle s\u2019adapte facilement \u00e0 diff\u00e9rentes tailles de doigts pour un confort optimal.<\/span><\/p>\n<p class=\"isSelectedEnd\"><strong><span>Caract\u00e9ristiques :<\/span><\/strong><\/p>\n<ul data-spread=\"false\">\n<li>\n<p class=\"isSelectedEnd\"><span>Mati\u00e8re : acier inoxydable<\/span><\/p>\n<\/li>\n<li>\n<p class=\"isSelectedEnd\"><span>Taille : ajustable<\/span><\/p>\n<\/li>\n<li>\n<p class=\"isSelectedEnd\"><span>R\u00e9sistante \u00e0 l\u2019eau et \u00e0 l\u2019usure<\/span><\/p>\n<\/li>\n<li>\n<p><span>Style simple et intemporel<\/span><\/p>\n<\/li>\n<\/ul>\n<p>[\/et_pb_text][\/et_pb_column][\/et_pb_row][\/et_pb_section]<\/p>\n","protected":false},"excerpt":{"rendered":"<p>Bague AlmaCette bague \u00e9l\u00e9gante est con\u00e7ue en acier inoxydable, un mat\u00e9riau r\u00e9sistant et durable qui ne ternit pas avec le temps.Gr\u00e2ce \u00e0 son design ajustable, elle s\u2019adapte facilement \u00e0 diff\u00e9rentes tailles de doigts pour un confort optimal. Caract\u00e9ristiques : Mati\u00e8re : acier inoxydable Taille : ajustable R\u00e9sistante \u00e0 l\u2019eau et \u00e0 l\u2019usure Style simple et [&hellip;]<\/p>\n","protected":false},"author":1,"featured_media":0,"parent":0,"menu_order":0,"comment_status":"closed","ping_status":"closed","template":"","meta":{"_et_pb_use_builder":"on","_et_pb_old_content":"","_et_gb_content_width":"","footnotes":""},"class_list":["post-134","page","type-page","status-publish","hentry"],"yoast_head":"<!-- This site is optimized with the Yoast SEO plugin v26.9 - https:\/\/yoast.com\/product\/yoast-seo-wordpress\/ -->\n<title>Bagues - Jewelshouse<\/title>\n<meta name=\"robots\" content=\"index, follow, max-snippet:-1, max-image-preview:large, max-video-preview:-1\" \/>\n<link rel=\"canonical\" href=\"https:\/\/jewelshouse.fr\/?page_id=134\" \/>\n<meta property=\"og:locale\" content=\"fr_FR\" \/>\n<meta property=\"og:type\" content=\"article\" \/>\n<meta property=\"og:title\" content=\"Bagues - Jewelshouse\" \/>\n<meta property=\"og:description\" content=\"Bague AlmaCette bague \u00e9l\u00e9gante est con\u00e7ue en acier inoxydable, un mat\u00e9riau r\u00e9sistant et durable qui ne ternit pas avec le temps.Gr\u00e2ce \u00e0 son design ajustable, elle s\u2019adapte facilement \u00e0 diff\u00e9rentes tailles de doigts pour un confort optimal. Caract\u00e9ristiques : Mati\u00e8re : acier inoxydable Taille : ajustable R\u00e9sistante \u00e0 l\u2019eau et \u00e0 l\u2019usure Style simple et [&hellip;]\" \/>\n<meta property=\"og:url\" content=\"https:\/\/jewelshouse.fr\/?page_id=134\" \/>\n<meta property=\"og:site_name\" content=\"Jewelshouse\" \/>\n<meta property=\"article:modified_time\" content=\"2026-03-09T14:08:16+00:00\" \/>\n<meta name=\"twitter:card\" content=\"summary_large_image\" \/>\n<script type=\"application\/ld+json\" class=\"yoast-schema-graph\">{\"@context\":\"https:\/\/schema.org\",\"@graph\":[{\"@type\":\"WebPage\",\"@id\":\"https:\/\/jewelshouse.fr\/?page_id=134\",\"url\":\"https:\/\/jewelshouse.fr\/?page_id=134\",\"name\":\"Bagues - Jewelshouse\",\"isPartOf\":{\"@id\":\"https:\/\/jewelshouse.fr\/#website\"},\"datePublished\":\"2026-03-09T12:21:28+00:00\",\"dateModified\":\"2026-03-09T14:08:16+00:00\",\"breadcrumb\":{\"@id\":\"https:\/\/jewelshouse.fr\/?page_id=134#breadcrumb\"},\"inLanguage\":\"fr-FR\",\"potentialAction\":[{\"@type\":\"ReadAction\",\"target\":[\"https:\/\/jewelshouse.fr\/?page_id=134\"]}]},{\"@type\":\"BreadcrumbList\",\"@id\":\"https:\/\/jewelshouse.fr\/?page_id=134#breadcrumb\",\"itemListElement\":[{\"@type\":\"ListItem\",\"position\":1,\"name\":\"Accueil\",\"item\":\"https:\/\/jewelshouse.fr\/\"},{\"@type\":\"ListItem\",\"position\":2,\"name\":\"Bagues\"}]},{\"@type\":\"WebSite\",\"@id\":\"https:\/\/jewelshouse.fr\/#website\",\"url\":\"https:\/\/jewelshouse.fr\/\",\"name\":\"Jewelshouse\",\"description\":\"\",\"potentialAction\":[{\"@type\":\"SearchAction\",\"target\":{\"@type\":\"EntryPoint\",\"urlTemplate\":\"https:\/\/jewelshouse.fr\/?s={search_term_string}\"},\"query-input\":{\"@type\":\"PropertyValueSpecification\",\"valueRequired\":true,\"valueName\":\"search_term_string\"}}],\"inLanguage\":\"fr-FR\"}]}<\/script>\n<!-- \/ Yoast SEO plugin. -->","yoast_head_json":{"title":"Bagues - Jewelshouse","robots":{"index":"index","follow":"follow","max-snippet":"max-snippet:-1","max-image-preview":"max-image-preview:large","max-video-preview":"max-video-preview:-1"},"canonical":"https:\/\/jewelshouse.fr\/?page_id=134","og_locale":"fr_FR","og_type":"article","og_title":"Bagues - Jewelshouse","og_description":"Bague AlmaCette bague \u00e9l\u00e9gante est con\u00e7ue en acier inoxydable, un mat\u00e9riau r\u00e9sistant et durable qui ne ternit pas avec le temps.Gr\u00e2ce \u00e0 son design ajustable, elle s\u2019adapte facilement \u00e0 diff\u00e9rentes tailles de doigts pour un confort optimal. Caract\u00e9ristiques : Mati\u00e8re : acier inoxydable Taille : ajustable R\u00e9sistante \u00e0 l\u2019eau et \u00e0 l\u2019usure Style simple et [&hellip;]","og_url":"https:\/\/jewelshouse.fr\/?page_id=134","og_site_name":"Jewelshouse","article_modified_time":"2026-03-09T14:08:16+00:00","twitter_card":"summary_large_image","schema":{"@context":"https:\/\/schema.org","@graph":[{"@type":"WebPage","@id":"https:\/\/jewelshouse.fr\/?page_id=134","url":"https:\/\/jewelshouse.fr\/?page_id=134","name":"Bagues - Jewelshouse","isPartOf":{"@id":"https:\/\/jewelshouse.fr\/#website"},"datePublished":"2026-03-09T12:21:28+00:00","dateModified":"2026-03-09T14:08:16+00:00","breadcrumb":{"@id":"https:\/\/jewelshouse.fr\/?page_id=134#breadcrumb"},"inLanguage":"fr-FR","potentialAction":[{"@type":"ReadAction","target":["https:\/\/jewelshouse.fr\/?page_id=134"]}]},{"@type":"BreadcrumbList","@id":"https:\/\/jewelshouse.fr\/?page_id=134#breadcrumb","itemListElement":[{"@type":"ListItem","position":1,"name":"Accueil","item":"https:\/\/jewelshouse.fr\/"},{"@type":"ListItem","position":2,"name":"Bagues"}]},{"@type":"WebSite","@id":"https:\/\/jewelshouse.fr\/#website","url":"https:\/\/jewelshouse.fr\/","name":"Jewelshouse","description":"","potentialAction":[{"@type":"SearchAction","target":{"@type":"EntryPoint","urlTemplate":"https:\/\/jewelshouse.fr\/?s={search_term_string}"},"query-input":{"@type":"PropertyValueSpecification","valueRequired":true,"valueName":"search_term_string"}}],"inLanguage":"fr-FR"}]}},"_links":{"self":[{"href":"https:\/\/jewelshouse.fr\/index.php?rest_route=\/wp\/v2\/pages\/134","targetHints":{"allow":["GET"]}}],"collection":[{"href":"https:\/\/jewelshouse.fr\/index.php?rest_route=\/wp\/v2\/pages"}],"about":[{"href":"https:\/\/jewelshouse.fr\/index.php?rest_route=\/wp\/v2\/types\/page"}],"author":[{"embeddable":true,"href":"https:\/\/jewelshouse.fr\/index.php?rest_route=\/wp\/v2\/users\/1"}],"replies":[{"embeddable":true,"href":"https:\/\/jewelshouse.fr\/index.php?rest_route=%2Fwp%2Fv2%2Fcomments&post=134"}],"version-history":[{"count":5,"href":"https:\/\/jewelshouse.fr\/index.php?rest_route=\/wp\/v2\/pages\/134\/revisions"}],"predecessor-version":[{"id":213,"href":"https:\/\/jewelshouse.fr\/index.php?rest_route=\/wp\/v2\/pages\/134\/revisions\/213"}],"wp:attachment":[{"href":"https:\/\/jewelshouse.fr\/index.php?rest_route=%2Fwp%2Fv2%2Fmedia&parent=134"}],"curies":[{"name":"wp","href":"https:\/\/api.w.org\/{rel}","templated":true}]}}